{"id":1673,"date":"2007-05-28T13:24:34","date_gmt":"2018-08-30T12:25:15","guid":{"rendered":"http:\/\/lauska.lv\/veikalsbeta\/?post_type=product&#038;p=1673"},"modified":"2018-10-05T20:15:46","modified_gmt":"2018-10-05T17:15:46","slug":"sviests-2","status":"publish","type":"product","link":"https:\/\/lauska.lv\/veikals\/products\/sviests-2\/?lang=en","title":{"rendered":"SVIESTS 2"},"content":{"rendered":"<p>This album includes 17 Latvian groups who use Latvian traditional music elements &#8211; melodies, texts or instruments &#8211; to create their own music. This CD includes groups like &#8220;Laiksne&#8221;, &#8220;Kokle&#8221;, &#8220;Au\u013ci&#8221;, &#8220;R\u012bsa Zvejnieki&#8221;, &#8220;Skyforger&#8221;, &#8220;Dzelzs Vilks&#8221;, &#8220;I\u013c\u0123i&#8221; and others. Special media attention was payed to the fact that the then President of Latvia Vaira V\u012b\u0137e-Freiberga who is an active folklorist and academic in folklore research, recorded a song specially for this album.<\/p>\n","protected":false},"excerpt":{"rendered":"<p><b>Artist <\/b>Various Artists<\/p>\n<p><b>Genre\u00a0<\/b><a href=\"http:\/\/lauska.lv\/veikals\/post-folk\/?lang=en\">Post-Folk<\/a><\/p>\n","protected":false},"featured_media":1462,"template":"","meta":{"jetpack_post_was_ever_published":false,"jetpack_publicize_message":"","jetpack_is_tweetstorm":false,"jetpack_publicize_feature_enabled":true,"jetpack_social_post_already_shared":true,"jetpack_social_options":{"image_generator_settings":{"template":"highway","enabled":false}}},"product_cat":[652,272,274,384,294,405,547,322,260,327,537,340,362,352,354,495,478,738,419,433,413],"product_tag":[71],"jetpack_publicize_connections":[],"jetpack_sharing_enabled":true,"_links":{"self":[{"href":"https:\/\/lauska.lv\/veikals\/wp-json\/wp\/v2\/product\/1673"}],"collection":[{"href":"https:\/\/lauska.lv\/veikals\/wp-json\/wp\/v2\/product"}],"about":[{"href":"https:\/\/lauska.lv\/veikals\/wp-json\/wp\/v2\/types\/product"}],"wp:featuredmedia":[{"embeddable":true,"href":"https:\/\/lauska.lv\/veikals\/wp-json\/wp\/v2\/media\/1462"}],"wp:attachment":[{"href":"https:\/\/lauska.lv\/veikals\/wp-json\/wp\/v2\/media?parent=1673"}],"wp:term":[{"taxonomy":"product_cat","embeddable":true,"href":"https:\/\/lauska.lv\/veikals\/wp-json\/wp\/v2\/product_cat?post=1673"},{"taxonomy":"product_tag","embeddable":true,"href":"https:\/\/lauska.lv\/veikals\/wp-json\/wp\/v2\/product_tag?post=1673"}],"curies":[{"name":"wp","href":"https:\/\/api.w.org\/{rel}","templated":true}]}}