{"id":1671,"date":"2007-06-28T13:34:30","date_gmt":"2018-08-30T12:18:58","guid":{"rendered":"http:\/\/lauska.lv\/veikalsbeta\/?post_type=product&#038;p=1671"},"modified":"2018-10-05T20:17:17","modified_gmt":"2018-10-05T17:17:17","slug":"saucejas-tradicionalas-dziedasanas-grupa","status":"publish","type":"product","link":"https:\/\/lauska.lv\/veikals\/products\/saucejas-tradicionalas-dziedasanas-grupa\/?lang=en","title":{"rendered":"Sauc\u0113jas, tradicion\u0101l\u0101s dzied\u0101\u0161anas grupa"},"content":{"rendered":"<p>Sauc\u0113jas is a women&#8217;s vocal ensemble which performs Latvian folk songs in their traditional manner. Their sound is based on recordings of authentic folk singers, archival written and audio materials. This album contains songs about rural life from a woman&#8217;s perspective.<\/p>\n","protected":false},"excerpt":{"rendered":"<p><b>Artist\u00a0<\/b><a href=\"http:\/\/lauska.lv\/veikals\/artists\/saucejas\/?lang=en\" target=\"_blank\" rel=\"noopener\">Sauc\u0113jas<\/a><\/p>\n<p><strong>Genre <\/strong><a href=\"http:\/\/lauska.lv\/veikals\/traditional\/?lang=en\">Traditional<\/a><\/p>\n","protected":false},"featured_media":1468,"template":"","meta":{"jetpack_post_was_ever_published":false,"jetpack_publicize_message":"","jetpack_is_tweetstorm":false,"jetpack_publicize_feature_enabled":true,"jetpack_social_post_already_shared":true,"jetpack_social_options":{"image_generator_settings":{"template":"highway","enabled":false}}},"product_cat":[405,260,491,304],"product_tag":[71],"jetpack_publicize_connections":[],"jetpack_sharing_enabled":true,"_links":{"self":[{"href":"https:\/\/lauska.lv\/veikals\/wp-json\/wp\/v2\/product\/1671"}],"collection":[{"href":"https:\/\/lauska.lv\/veikals\/wp-json\/wp\/v2\/product"}],"about":[{"href":"https:\/\/lauska.lv\/veikals\/wp-json\/wp\/v2\/types\/product"}],"wp:featuredmedia":[{"embeddable":true,"href":"https:\/\/lauska.lv\/veikals\/wp-json\/wp\/v2\/media\/1468"}],"wp:attachment":[{"href":"https:\/\/lauska.lv\/veikals\/wp-json\/wp\/v2\/media?parent=1671"}],"wp:term":[{"taxonomy":"product_cat","embeddable":true,"href":"https:\/\/lauska.lv\/veikals\/wp-json\/wp\/v2\/product_cat?post=1671"},{"taxonomy":"product_tag","embeddable":true,"href":"https:\/\/lauska.lv\/veikals\/wp-json\/wp\/v2\/product_tag?post=1671"}],"curies":[{"name":"wp","href":"https:\/\/api.w.org\/{rel}","templated":true}]}}