{"id":1670,"date":"2007-02-28T13:36:21","date_gmt":"2018-08-30T12:16:39","guid":{"rendered":"http:\/\/lauska.lv\/veikalsbeta\/?post_type=product&#038;p=1670"},"modified":"2018-10-05T20:07:39","modified_gmt":"2018-10-05T17:07:39","slug":"karavira-ligavina","status":"publish","type":"product","link":"https:\/\/lauska.lv\/veikals\/products\/karavira-ligavina\/?lang=en","title":{"rendered":"Karav\u012bra l\u012bgavi\u0146a"},"content":{"rendered":"<p>The album &#8220;The Warrior&#8217;s Bride&#8221; contains ancient folksongs about war from the women&#8217;s perspective &#8211; it is about the brides, mothers and sisters, who stay at home and are waiting for their beloved husbands, sons and brothers to return home.<\/p>\n","protected":false},"excerpt":{"rendered":"<p><b>Artist\u00a0<\/b><a href=\"http:\/\/lauska.lv\/veikals\/artists\/vilcenes\/?lang=en\" target=\"_blank\" rel=\"noopener\">Vilcenes<\/a><\/p>\n<p><b>Genre\u00a0<\/b><a href=\"http:\/\/lauska.lv\/veikals\/traditional\/?lang=en\">Traditional<\/a><\/p>\n","protected":false},"featured_media":1471,"template":"","meta":{"jetpack_post_was_ever_published":false,"jetpack_publicize_message":"","jetpack_is_tweetstorm":false,"jetpack_publicize_feature_enabled":true,"jetpack_social_post_already_shared":true,"jetpack_social_options":{"image_generator_settings":{"template":"highway","enabled":false}}},"product_cat":[405,260,304,435],"product_tag":[71],"jetpack_publicize_connections":[],"jetpack_sharing_enabled":true,"_links":{"self":[{"href":"https:\/\/lauska.lv\/veikals\/wp-json\/wp\/v2\/product\/1670"}],"collection":[{"href":"https:\/\/lauska.lv\/veikals\/wp-json\/wp\/v2\/product"}],"about":[{"href":"https:\/\/lauska.lv\/veikals\/wp-json\/wp\/v2\/types\/product"}],"wp:featuredmedia":[{"embeddable":true,"href":"https:\/\/lauska.lv\/veikals\/wp-json\/wp\/v2\/media\/1471"}],"wp:attachment":[{"href":"https:\/\/lauska.lv\/veikals\/wp-json\/wp\/v2\/media?parent=1670"}],"wp:term":[{"taxonomy":"product_cat","embeddable":true,"href":"https:\/\/lauska.lv\/veikals\/wp-json\/wp\/v2\/product_cat?post=1670"},{"taxonomy":"product_tag","embeddable":true,"href":"https:\/\/lauska.lv\/veikals\/wp-json\/wp\/v2\/product_tag?post=1670"}],"curies":[{"name":"wp","href":"https:\/\/api.w.org\/{rel}","templated":true}]}}