{"id":1665,"date":"2007-07-28T13:50:11","date_gmt":"2018-08-30T11:34:16","guid":{"rendered":"http:\/\/lauska.lv\/veikalsbeta\/?post_type=product&#038;p=1665"},"modified":"2018-10-05T20:19:27","modified_gmt":"2018-10-05T17:19:27","slug":"vel-nedzimusas-religijas-templi","status":"publish","type":"product","link":"https:\/\/lauska.lv\/veikals\/products\/vel-nedzimusas-religijas-templi\/?lang=en","title":{"rendered":"V\u0113l nedzimu\u0161as reli\u0123ijas templ\u012b"},"content":{"rendered":"<p>Imants Daksis co-operation with the electric sound experimentator\u00a0Andris Ind\u0101ns.<\/p>\n","protected":false},"excerpt":{"rendered":"<p><b>Artist\u00a0<\/b><a href=\"http:\/\/lauska.lv\/veikals\/artists\/daksis-imants\/?lang=en\" target=\"_blank\" rel=\"noopener\">Imants Daksis<\/a><\/p>\n<p><strong>Genre <\/strong><a href=\"http:\/\/lauska.lv\/veikals\/singer-songwriter\/?lang=en\">Singer\/ Songwriter<\/a><\/p>\n","protected":false},"featured_media":1486,"template":"","meta":{"jetpack_post_was_ever_published":false,"jetpack_publicize_message":"","jetpack_is_tweetstorm":false,"jetpack_publicize_feature_enabled":true,"jetpack_social_post_already_shared":true,"jetpack_social_options":{"image_generator_settings":{"template":"highway","enabled":false}}},"product_cat":[372,405,260,256],"product_tag":[71],"jetpack_publicize_connections":[],"jetpack_sharing_enabled":true,"_links":{"self":[{"href":"https:\/\/lauska.lv\/veikals\/wp-json\/wp\/v2\/product\/1665"}],"collection":[{"href":"https:\/\/lauska.lv\/veikals\/wp-json\/wp\/v2\/product"}],"about":[{"href":"https:\/\/lauska.lv\/veikals\/wp-json\/wp\/v2\/types\/product"}],"wp:featuredmedia":[{"embeddable":true,"href":"https:\/\/lauska.lv\/veikals\/wp-json\/wp\/v2\/media\/1486"}],"wp:attachment":[{"href":"https:\/\/lauska.lv\/veikals\/wp-json\/wp\/v2\/media?parent=1665"}],"wp:term":[{"taxonomy":"product_cat","embeddable":true,"href":"https:\/\/lauska.lv\/veikals\/wp-json\/wp\/v2\/product_cat?post=1665"},{"taxonomy":"product_tag","embeddable":true,"href":"https:\/\/lauska.lv\/veikals\/wp-json\/wp\/v2\/product_tag?post=1665"}],"curies":[{"name":"wp","href":"https:\/\/api.w.org\/{rel}","templated":true}]}}