{"id":166,"date":"2018-08-23T15:18:48","date_gmt":"2018-08-23T12:18:48","guid":{"rendered":"http:\/\/lauska.lv\/veikalsbeta\/?post_type=product&#038;p=166"},"modified":"2018-10-05T00:34:23","modified_gmt":"2018-10-04T21:34:23","slug":"kad","status":"publish","type":"product","link":"https:\/\/lauska.lv\/veikals\/Preces\/kad\/","title":{"rendered":"KAD"},"content":{"rendered":"<p>Salaspils dziesminieka Din\u0101ra Gulbja nu jau otrais CD albums \u201eKAD\u2019\u2019. Taj\u0101 ietvertas 18 dziesmas \u2013 katra ar savu noska\u0146u un p\u0101rdz\u012bvojumu, ko rada Din\u0101ram vien rakstur\u012bgais izpild\u012bjums un izmantot\u0101 izcilu latvie\u0161u dzejnieku dzeja. Muzik\u0101lo skan\u0113jumu pilnveidot l\u012bdz\u0113ju\u0161i \u0123it\u0101rsp\u0113les meistari Kaspars Zem\u012btis un Reinis Jaunais k\u0101 ar\u012b muzi\u0137i no Rei\u0146a grupas &#8211; Lauma Kazaka (bas\u0123it\u0101ra) un Ivars Logins (bungas). Par kop\u0113jo CD skan\u0113jumu r\u016bp\u0113jies Kaspars B\u0101rbals studij\u0101 \u201eLauska\u201d.<\/p>\n<p>Pa\u0161a Din\u0101ra Gulbja teiktais:<\/p>\n<p><strong>Kad aicin\u0101jums ir izaicin\u0101jums<\/strong><\/p>\n<p>\u201ePar dziesminieku nepiedzimst. Tas ir k\u0101das augst\u0101kas varas aicin\u0101jums. T\u0101 ir izredz\u0113t\u012bba b\u016bt m\u016bzik\u0101 un b\u016bt cit\u0101dam \u2013 sav\u0101d\u0101k just un dzied\u0101t. Tas ir izaicin\u0101jums&#8230;.<\/p>\n<p>Jaun\u012bb\u0101 muzic\u0113t s\u0101ku radu kop\u0101 b\u016b\u0161anas pas\u0101kumos, kad mamma iem\u0101c\u012bja dzied\u0101t t\u0101 pa \u012bstam, no visas sirds. Jau tolaik mani \u013coti ietekm\u0113ja vi\u0146as izpild\u012bt\u0101s smeldz\u012bg\u0101s dziesmas ar Aleksandra \u010caka v\u0101rdiem.\u00a0 Pamaz\u0101m veidoj\u0101s izpratne, ka dzejai, saistoties ar person\u012bgaj\u0101m izj\u016bt\u0101m, dzied\u0101\u0161an\u0101 ir \u012bpa\u0161a noz\u012bme. T\u0101 dzimst burv\u012bba un \u012bst\u0101s kr\u0101sas.<\/p>\n<p>\u0160is \u2013 otrais albums \u2013 ir mana d\u0101vana Salaspilij Latvijas simtgad\u0113. Salaspilij, kas ir manas m\u0101jas fizisk\u0101 un ar\u012b gar\u012bg\u0101 noz\u012bm\u0113.<\/p>\n<p>Paldies visiem, kuri veicin\u0101ja, sekm\u0113ja un pal\u012bdz\u0113ja man \u0161o velt\u012bjumu rad\u012bt. No visas sirds \u2013 paldies!\u201d<\/p>\n","protected":false},"excerpt":{"rendered":"<p><strong>Izpild\u012bt\u0101js<\/strong> <a href=\"http:\/\/lauska.lv\/veikals\/makslinieki\/gulbis-dinars\/\" target=\"_blank\" rel=\"noopener\">Din\u0101rs Gulbis<\/a><\/p>\n<p><strong>\u017danri<\/strong>\u00a0<a href=\"http:\/\/lauska.lv\/veikals\/dziesminieki-autormuzika\/\">Dziesminieki\/Autorm\u016bzika<\/a><\/p>\n","protected":false},"featured_media":167,"template":"","meta":{"jetpack_post_was_ever_published":false,"jetpack_publicize_message":"","jetpack_is_tweetstorm":false,"jetpack_publicize_feature_enabled":true,"jetpack_social_post_already_shared":true,"jetpack_social_options":{"image_generator_settings":{"template":"highway","enabled":false}}},"product_cat":[48,49,147,101,249],"product_tag":[47],"jetpack_publicize_connections":[],"jetpack_sharing_enabled":false,"_links":{"self":[{"href":"https:\/\/lauska.lv\/veikals\/wp-json\/wp\/v2\/product\/166"}],"collection":[{"href":"https:\/\/lauska.lv\/veikals\/wp-json\/wp\/v2\/product"}],"about":[{"href":"https:\/\/lauska.lv\/veikals\/wp-json\/wp\/v2\/types\/product"}],"wp:featuredmedia":[{"embeddable":true,"href":"https:\/\/lauska.lv\/veikals\/wp-json\/wp\/v2\/media\/167"}],"wp:attachment":[{"href":"https:\/\/lauska.lv\/veikals\/wp-json\/wp\/v2\/media?parent=166"}],"wp:term":[{"taxonomy":"product_cat","embeddable":true,"href":"https:\/\/lauska.lv\/veikals\/wp-json\/wp\/v2\/product_cat?post=166"},{"taxonomy":"product_tag","embeddable":true,"href":"https:\/\/lauska.lv\/veikals\/wp-json\/wp\/v2\/product_tag?post=166"}],"curies":[{"name":"wp","href":"https:\/\/api.w.org\/{rel}","templated":true}]}}