{"id":1653,"date":"2009-08-28T12:43:08","date_gmt":"2018-08-30T11:05:23","guid":{"rendered":"http:\/\/lauska.lv\/veikalsbeta\/?post_type=product&#038;p=1653"},"modified":"2018-10-05T20:51:58","modified_gmt":"2018-10-05T17:51:58","slug":"cels-copy","status":"publish","type":"product","link":"https:\/\/lauska.lv\/veikals\/products\/cels-copy\/?lang=en","title":{"rendered":"Ce\u013c\u0161"},"content":{"rendered":"<p>Poetry read by the Latvian exile poet Astr\u012bde Ivaska, accompanied by\u00a0Laima Jansone&#8217;s kokle playing.<\/p>\n","protected":false},"excerpt":{"rendered":"<p><strong>Author\u00a0<\/strong><a href=\"http:\/\/lauska.lv\/veikals\/artists\/ivaska-astride\/?lang=en\" target=\"_blank\" rel=\"noopener\">Astr\u012bde Ivaska<\/a><\/p>\n<p><b>Genre\u00a0<\/b><a href=\"http:\/\/lauska.lv\/veikals\/literary-cds-and-books\/?lang=en\">Literary CDs and books<\/a><\/p>\n","protected":false},"featured_media":1365,"template":"","meta":{"jetpack_post_was_ever_published":false,"jetpack_publicize_message":"","jetpack_is_tweetstorm":false,"jetpack_publicize_feature_enabled":true,"jetpack_social_post_already_shared":true,"jetpack_social_options":{"image_generator_settings":{"template":"highway","enabled":false}}},"product_cat":[405,313,260,344],"product_tag":[74],"jetpack_publicize_connections":[],"jetpack_sharing_enabled":true,"_links":{"self":[{"href":"https:\/\/lauska.lv\/veikals\/wp-json\/wp\/v2\/product\/1653"}],"collection":[{"href":"https:\/\/lauska.lv\/veikals\/wp-json\/wp\/v2\/product"}],"about":[{"href":"https:\/\/lauska.lv\/veikals\/wp-json\/wp\/v2\/types\/product"}],"wp:featuredmedia":[{"embeddable":true,"href":"https:\/\/lauska.lv\/veikals\/wp-json\/wp\/v2\/media\/1365"}],"wp:attachment":[{"href":"https:\/\/lauska.lv\/veikals\/wp-json\/wp\/v2\/media?parent=1653"}],"wp:term":[{"taxonomy":"product_cat","embeddable":true,"href":"https:\/\/lauska.lv\/veikals\/wp-json\/wp\/v2\/product_cat?post=1653"},{"taxonomy":"product_tag","embeddable":true,"href":"https:\/\/lauska.lv\/veikals\/wp-json\/wp\/v2\/product_tag?post=1653"}],"curies":[{"name":"wp","href":"https:\/\/api.w.org\/{rel}","templated":true}]}}