{"id":1643,"date":"2012-12-28T11:51:58","date_gmt":"2018-08-30T10:44:51","guid":{"rendered":"http:\/\/lauska.lv\/veikalsbeta\/?post_type=product&#038;p=1643"},"modified":"2018-10-05T21:17:08","modified_gmt":"2018-10-05T18:17:08","slug":"teatra-krustojums","status":"publish","type":"product","link":"https:\/\/lauska.lv\/veikals\/products\/teatra-krustojums\/?lang=en","title":{"rendered":"Te\u0101tra krustojums"},"content":{"rendered":"<p>The ensemble V\u0113tras saites plays instrumental photo-ambient chamber music, the main musical accent being on the electric kokle, a Latvian string instrument, played by Latv\u012bte Podi\u0146a (Cirse). Together with guitar and djembe, the kokle creates an original and especially beautiful mood.<\/p>\n<p>The booklet includes special short poems by Ilm\u0101rs \u0160l\u0101pins for every instrumental piece, as well as special photographies by different photographers &#8211; selected for this album. Hence the name &#8211; photo-ambient.<\/p>\n","protected":false},"excerpt":{"rendered":"<p><strong>Artist<\/strong> <a href=\"http:\/\/lauska.lv\/veikals\/artists\/vetras-saites\/?lang=en\" target=\"_blank\" rel=\"noopener\">V\u0113tras Saites<\/a><\/p>\n<p><b>Genre\u00a0<\/b><a href=\"http:\/\/lauska.lv\/veikals\/post-folk\/?lang=en\">Post-Folk<\/a><\/p>\n","protected":false},"featured_media":1645,"template":"","meta":{"jetpack_post_was_ever_published":false,"jetpack_publicize_message":"","jetpack_is_tweetstorm":false,"jetpack_publicize_feature_enabled":true,"jetpack_social_post_already_shared":true,"jetpack_social_options":{"image_generator_settings":{"template":"highway","enabled":false}}},"product_cat":[405,260,354,421],"product_tag":[82],"jetpack_publicize_connections":[],"jetpack_sharing_enabled":true,"_links":{"self":[{"href":"https:\/\/lauska.lv\/veikals\/wp-json\/wp\/v2\/product\/1643"}],"collection":[{"href":"https:\/\/lauska.lv\/veikals\/wp-json\/wp\/v2\/product"}],"about":[{"href":"https:\/\/lauska.lv\/veikals\/wp-json\/wp\/v2\/types\/product"}],"wp:featuredmedia":[{"embeddable":true,"href":"https:\/\/lauska.lv\/veikals\/wp-json\/wp\/v2\/media\/1645"}],"wp:attachment":[{"href":"https:\/\/lauska.lv\/veikals\/wp-json\/wp\/v2\/media?parent=1643"}],"wp:term":[{"taxonomy":"product_cat","embeddable":true,"href":"https:\/\/lauska.lv\/veikals\/wp-json\/wp\/v2\/product_cat?post=1643"},{"taxonomy":"product_tag","embeddable":true,"href":"https:\/\/lauska.lv\/veikals\/wp-json\/wp\/v2\/product_tag?post=1643"}],"curies":[{"name":"wp","href":"https:\/\/api.w.org\/{rel}","templated":true}]}}