{"id":1638,"date":"2013-11-28T11:37:45","date_gmt":"2018-08-30T10:28:42","guid":{"rendered":"http:\/\/lauska.lv\/veikalsbeta\/?post_type=product&#038;p=1638"},"modified":"2018-10-05T21:45:08","modified_gmt":"2018-10-05T18:45:08","slug":"puzurs","status":"publish","type":"product","link":"https:\/\/lauska.lv\/veikals\/products\/puzurs\/?lang=en","title":{"rendered":"Puzurs"},"content":{"rendered":"<p>On this album you will hear powerful and tender women&#8217;s vocals accompanied by traditional and contemporary instruments. The songs describe Latvian winter solstice traditions: from joyful, noisy mummery to contemplations inviting God to sit among the people during the festive meal. &#8220;Vecpils\u0113tas dzied\u0101t\u0101ji&#8221; &#8211; &#8220;the Oldtown Singers&#8221; are a group of students from Riga, who express their musical and global feel using formulas from traditional Latvian folk songs.<\/p>\n","protected":false},"excerpt":{"rendered":"<p><b>Artist\u00a0<\/b><a href=\"http:\/\/lauska.lv\/veikals\/artists\/vecpilsetas-dziedataja\/?lang=en\" target=\"_blank\" rel=\"noopener\">Vecpils\u0113tas dzied\u0101t\u0101ji<\/a><\/p>\n<p><strong>Genre\u00a0<\/strong><a href=\"http:\/\/lauska.lv\/veikals\/post-folk\/?lang=en\">Post-Folk<\/a><\/p>\n","protected":false},"featured_media":1223,"template":"","meta":{"jetpack_post_was_ever_published":false,"jetpack_publicize_message":"","jetpack_is_tweetstorm":false,"jetpack_publicize_feature_enabled":true,"jetpack_social_post_already_shared":true,"jetpack_social_options":{"image_generator_settings":{"template":"highway","enabled":false}}},"product_cat":[405,260,354,439],"product_tag":[85],"jetpack_publicize_connections":[],"jetpack_sharing_enabled":true,"_links":{"self":[{"href":"https:\/\/lauska.lv\/veikals\/wp-json\/wp\/v2\/product\/1638"}],"collection":[{"href":"https:\/\/lauska.lv\/veikals\/wp-json\/wp\/v2\/product"}],"about":[{"href":"https:\/\/lauska.lv\/veikals\/wp-json\/wp\/v2\/types\/product"}],"wp:featuredmedia":[{"embeddable":true,"href":"https:\/\/lauska.lv\/veikals\/wp-json\/wp\/v2\/media\/1223"}],"wp:attachment":[{"href":"https:\/\/lauska.lv\/veikals\/wp-json\/wp\/v2\/media?parent=1638"}],"wp:term":[{"taxonomy":"product_cat","embeddable":true,"href":"https:\/\/lauska.lv\/veikals\/wp-json\/wp\/v2\/product_cat?post=1638"},{"taxonomy":"product_tag","embeddable":true,"href":"https:\/\/lauska.lv\/veikals\/wp-json\/wp\/v2\/product_tag?post=1638"}],"curies":[{"name":"wp","href":"https:\/\/api.w.org\/{rel}","templated":true}]}}