{"id":1630,"date":"2014-10-28T10:50:02","date_gmt":"2018-08-30T10:00:37","guid":{"rendered":"http:\/\/lauska.lv\/veikalsbeta\/?post_type=product&#038;p=1630"},"modified":"2018-10-05T21:55:54","modified_gmt":"2018-10-05T18:55:54","slug":"antarktida-kust","status":"publish","type":"product","link":"https:\/\/lauska.lv\/veikals\/products\/antarktida-kust\/?lang=en","title":{"rendered":"Antarkt\u012bda k\u016bst!"},"content":{"rendered":"<p>The album is called &#8220;The Antarctis is melting!&#8221;, and it is dedicated to the friendship between people with a deep ecological message, showing the uselesness of war and conflict envisaging the concept of the planet as our home. Despite its apocalyptic title the music c<\/p>\n","protected":false},"excerpt":{"rendered":"<p><b>Artist\u00a0<\/b><a href=\"http:\/\/lauska.lv\/veikals\/artists\/nepieradinata-folka-orkestris\/?lang=en\" target=\"_blank\" rel=\"noopener\">Nepieradin\u0101t\u0101 Folka Or\u0137estris (Future Folk Orchestra)<\/a><\/p>\n<p><b>Genre\u00a0<\/b><a href=\"http:\/\/lauska.lv\/veikals\/post-folk\/?lang=en\">Post-Folk<\/a><\/p>\n","protected":false},"featured_media":1188,"template":"","meta":{"jetpack_post_was_ever_published":false,"jetpack_publicize_message":"","jetpack_is_tweetstorm":false,"jetpack_publicize_feature_enabled":true,"jetpack_social_post_already_shared":true,"jetpack_social_options":{"image_generator_settings":{"template":"highway","enabled":false}}},"product_cat":[405,260,366,354],"product_tag":[86],"jetpack_publicize_connections":[],"jetpack_sharing_enabled":true,"_links":{"self":[{"href":"https:\/\/lauska.lv\/veikals\/wp-json\/wp\/v2\/product\/1630"}],"collection":[{"href":"https:\/\/lauska.lv\/veikals\/wp-json\/wp\/v2\/product"}],"about":[{"href":"https:\/\/lauska.lv\/veikals\/wp-json\/wp\/v2\/types\/product"}],"wp:featuredmedia":[{"embeddable":true,"href":"https:\/\/lauska.lv\/veikals\/wp-json\/wp\/v2\/media\/1188"}],"wp:attachment":[{"href":"https:\/\/lauska.lv\/veikals\/wp-json\/wp\/v2\/media?parent=1630"}],"wp:term":[{"taxonomy":"product_cat","embeddable":true,"href":"https:\/\/lauska.lv\/veikals\/wp-json\/wp\/v2\/product_cat?post=1630"},{"taxonomy":"product_tag","embeddable":true,"href":"https:\/\/lauska.lv\/veikals\/wp-json\/wp\/v2\/product_tag?post=1630"}],"curies":[{"name":"wp","href":"https:\/\/api.w.org\/{rel}","templated":true}]}}