{"id":1623,"date":"2015-12-28T09:53:01","date_gmt":"2018-08-30T09:40:28","guid":{"rendered":"http:\/\/lauska.lv\/veikalsbeta\/?post_type=product&#038;p=1623"},"modified":"2018-10-05T22:34:01","modified_gmt":"2018-10-05T19:34:01","slug":"dzerves-un-dzervenes","status":"publish","type":"product","link":"https:\/\/lauska.lv\/veikals\/products\/dzerves-un-dzervenes\/?lang=en","title":{"rendered":"Dz\u0113rves un dz\u0113rvenes"},"content":{"rendered":"<p>The folklore group L\u0101ns has a particular and special sound that, despite changing over the years, is quite recognisable. It is characterised by refined arrangements and a wide range of folk instruments as well as the addition of a modern touch to traditional melodies yet always preserving their ancient quality.<\/p>\n","protected":false},"excerpt":{"rendered":"<p><strong>Artist\u00a0<\/strong><a href=\"http:\/\/lauska.lv\/veikals\/artists\/lans\/?lang=en\" target=\"_blank\" rel=\"noopener\">L\u0101ns<\/a><\/p>\n<p><strong>Genre\u00a0<\/strong><a href=\"http:\/\/lauska.lv\/veikals\/post-folk\/?lang=en\">Post-Folk<\/a><\/p>\n","protected":false},"featured_media":1113,"template":"","meta":{"jetpack_post_was_ever_published":false,"jetpack_publicize_message":"","jetpack_is_tweetstorm":false,"jetpack_publicize_feature_enabled":true,"jetpack_social_post_already_shared":true,"jetpack_social_options":{"image_generator_settings":{"template":"highway","enabled":false}}},"product_cat":[405,260,340,354],"product_tag":[89],"jetpack_publicize_connections":[],"jetpack_sharing_enabled":true,"_links":{"self":[{"href":"https:\/\/lauska.lv\/veikals\/wp-json\/wp\/v2\/product\/1623"}],"collection":[{"href":"https:\/\/lauska.lv\/veikals\/wp-json\/wp\/v2\/product"}],"about":[{"href":"https:\/\/lauska.lv\/veikals\/wp-json\/wp\/v2\/types\/product"}],"wp:featuredmedia":[{"embeddable":true,"href":"https:\/\/lauska.lv\/veikals\/wp-json\/wp\/v2\/media\/1113"}],"wp:attachment":[{"href":"https:\/\/lauska.lv\/veikals\/wp-json\/wp\/v2\/media?parent=1623"}],"wp:term":[{"taxonomy":"product_cat","embeddable":true,"href":"https:\/\/lauska.lv\/veikals\/wp-json\/wp\/v2\/product_cat?post=1623"},{"taxonomy":"product_tag","embeddable":true,"href":"https:\/\/lauska.lv\/veikals\/wp-json\/wp\/v2\/product_tag?post=1623"}],"curies":[{"name":"wp","href":"https:\/\/api.w.org\/{rel}","templated":true}]}}