{"id":1622,"date":"2015-11-28T09:57:10","date_gmt":"2018-08-30T09:38:13","guid":{"rendered":"http:\/\/lauska.lv\/veikalsbeta\/?post_type=product&#038;p=1622"},"modified":"2018-10-05T22:32:34","modified_gmt":"2018-10-05T19:32:34","slug":"ruzupis-veiri","status":"publish","type":"product","link":"https:\/\/lauska.lv\/veikals\/products\/ruzupis-veiri\/?lang=en","title":{"rendered":"R\u016b\u017eupis veiri"},"content":{"rendered":"<p>The Latvian folklore group R\u016b\u017eupis veiri enthusiastically sings and plays Latgalian folksongs about beer, girls, battles and other things important to men.<\/p>\n","protected":false},"excerpt":{"rendered":"<p><b>Artist\u00a0<\/b><a href=\"http:\/\/lauska.lv\/veikals\/artists\/ruzupis-veiri\/?lang=en\" target=\"_blank\" rel=\"noopener\">R\u016b\u017eupis veiri<\/a><\/p>\n<p><strong>Genre\u00a0<\/strong><a href=\"http:\/\/lauska.lv\/veikals\/traditional\/?lang=en\">Traditional<\/a><\/p>\n","protected":false},"featured_media":1116,"template":"","meta":{"jetpack_post_was_ever_published":false,"jetpack_publicize_message":"","jetpack_is_tweetstorm":false,"jetpack_publicize_feature_enabled":true,"jetpack_social_post_already_shared":true,"jetpack_social_options":{"image_generator_settings":{"template":"highway","enabled":false}}},"product_cat":[405,260,493,304],"product_tag":[89],"jetpack_publicize_connections":[],"jetpack_sharing_enabled":true,"_links":{"self":[{"href":"https:\/\/lauska.lv\/veikals\/wp-json\/wp\/v2\/product\/1622"}],"collection":[{"href":"https:\/\/lauska.lv\/veikals\/wp-json\/wp\/v2\/product"}],"about":[{"href":"https:\/\/lauska.lv\/veikals\/wp-json\/wp\/v2\/types\/product"}],"wp:featuredmedia":[{"embeddable":true,"href":"https:\/\/lauska.lv\/veikals\/wp-json\/wp\/v2\/media\/1116"}],"wp:attachment":[{"href":"https:\/\/lauska.lv\/veikals\/wp-json\/wp\/v2\/media?parent=1622"}],"wp:term":[{"taxonomy":"product_cat","embeddable":true,"href":"https:\/\/lauska.lv\/veikals\/wp-json\/wp\/v2\/product_cat?post=1622"},{"taxonomy":"product_tag","embeddable":true,"href":"https:\/\/lauska.lv\/veikals\/wp-json\/wp\/v2\/product_tag?post=1622"}],"curies":[{"name":"wp","href":"https:\/\/api.w.org\/{rel}","templated":true}]}}