{"id":1621,"date":"2015-10-28T09:58:03","date_gmt":"2018-08-30T09:35:53","guid":{"rendered":"http:\/\/lauska.lv\/veikalsbeta\/?post_type=product&#038;p=1621"},"modified":"2018-10-05T22:31:16","modified_gmt":"2018-10-05T19:31:16","slug":"es-nezinu-kads-ir-isakais-cels-pie-tevis","status":"publish","type":"product","link":"https:\/\/lauska.lv\/veikals\/products\/es-nezinu-kads-ir-isakais-cels-pie-tevis\/?lang=en","title":{"rendered":"Es nezinu k\u0101ds ir \u012bs\u0101kais ce\u013c\u0161 pie tevis"},"content":{"rendered":"<p>Latvian singer-songwriter with a particular voice, creating songs out of poems by reknown Latvian poets.<\/p>\n","protected":false},"excerpt":{"rendered":"<p><b>Artist\u00a0<\/b><a href=\"http:\/\/lauska.lv\/veikals\/artists\/gulbis-dinars-2\/?lang=en\" target=\"_blank\" rel=\"noopener\">Din\u0101rs Gulbis<\/a><\/p>\n<p><strong>Genre\u00a0<\/strong><a href=\"http:\/\/lauska.lv\/veikals\/singer-songwriter\/?lang=en\">Singer\/Songwriter<\/a><\/p>\n","protected":false},"featured_media":1119,"template":"","meta":{"jetpack_post_was_ever_published":false,"jetpack_publicize_message":"","jetpack_is_tweetstorm":false,"jetpack_publicize_feature_enabled":true,"jetpack_social_post_already_shared":true,"jetpack_social_options":{"image_generator_settings":{"template":"highway","enabled":false}}},"product_cat":[405,391,260,256],"product_tag":[89],"jetpack_publicize_connections":[],"jetpack_sharing_enabled":true,"_links":{"self":[{"href":"https:\/\/lauska.lv\/veikals\/wp-json\/wp\/v2\/product\/1621"}],"collection":[{"href":"https:\/\/lauska.lv\/veikals\/wp-json\/wp\/v2\/product"}],"about":[{"href":"https:\/\/lauska.lv\/veikals\/wp-json\/wp\/v2\/types\/product"}],"wp:featuredmedia":[{"embeddable":true,"href":"https:\/\/lauska.lv\/veikals\/wp-json\/wp\/v2\/media\/1119"}],"wp:attachment":[{"href":"https:\/\/lauska.lv\/veikals\/wp-json\/wp\/v2\/media?parent=1621"}],"wp:term":[{"taxonomy":"product_cat","embeddable":true,"href":"https:\/\/lauska.lv\/veikals\/wp-json\/wp\/v2\/product_cat?post=1621"},{"taxonomy":"product_tag","embeddable":true,"href":"https:\/\/lauska.lv\/veikals\/wp-json\/wp\/v2\/product_tag?post=1621"}],"curies":[{"name":"wp","href":"https:\/\/api.w.org\/{rel}","templated":true}]}}