{"id":1611,"date":"2016-09-28T08:54:33","date_gmt":"2018-08-30T08:57:25","guid":{"rendered":"http:\/\/lauska.lv\/veikalsbeta\/?post_type=product&#038;p=1611"},"modified":"2018-10-05T22:46:00","modified_gmt":"2018-10-05T19:46:00","slug":"muziga-geografa-piedzivojumi","status":"publish","type":"product","link":"https:\/\/lauska.lv\/veikals\/products\/muziga-geografa-piedzivojumi\/?lang=en","title":{"rendered":"M\u016b\u017e\u012bg\u0101 \u0123eogr\u0101fa piedz\u012bvojumi"},"content":{"rendered":"<p>\u201cM\u016b\u017e\u012bg\u0101 \u0123eogr\u0101fa piedz\u012bvojumi\u201d \u00a0&#8211; Adventures\u00a0of the eternal Geographer &#8211; is a mainly accoustic recording, with added sounds from different environments, electric guitar, and some other instruments. A special sound is the beat of the stomping feet of Imants Daksis, which until now could be heard only in\u00a0his life performances. Now it has been recorded for the first time and adds a new character and sound to the songs.<\/p>\n<p>&nbsp;<\/p>\n","protected":false},"excerpt":{"rendered":"<p><strong>Artist<\/strong>\u00a0<a href=\"http:\/\/lauska.lv\/veikals\/artists\/daksis-imants\/?lang=en\" target=\"_blank\" rel=\"noopener\">Imants Daksis<\/a><\/p>\n<p><b>Genre\u00a0<\/b><a href=\"http:\/\/lauska.lv\/veikals\/singer-songwriter\/?lang=en\">Singer\/Songwriter<\/a><\/p>\n","protected":false},"featured_media":1023,"template":"","meta":{"jetpack_post_was_ever_published":false,"jetpack_publicize_message":"","jetpack_is_tweetstorm":false,"jetpack_publicize_feature_enabled":true,"jetpack_social_post_already_shared":true,"jetpack_social_options":{"image_generator_settings":{"template":"highway","enabled":false}}},"product_cat":[372,405,260,256],"product_tag":[98],"jetpack_publicize_connections":[],"jetpack_sharing_enabled":true,"_links":{"self":[{"href":"https:\/\/lauska.lv\/veikals\/wp-json\/wp\/v2\/product\/1611"}],"collection":[{"href":"https:\/\/lauska.lv\/veikals\/wp-json\/wp\/v2\/product"}],"about":[{"href":"https:\/\/lauska.lv\/veikals\/wp-json\/wp\/v2\/types\/product"}],"wp:featuredmedia":[{"embeddable":true,"href":"https:\/\/lauska.lv\/veikals\/wp-json\/wp\/v2\/media\/1023"}],"wp:attachment":[{"href":"https:\/\/lauska.lv\/veikals\/wp-json\/wp\/v2\/media?parent=1611"}],"wp:term":[{"taxonomy":"product_cat","embeddable":true,"href":"https:\/\/lauska.lv\/veikals\/wp-json\/wp\/v2\/product_cat?post=1611"},{"taxonomy":"product_tag","embeddable":true,"href":"https:\/\/lauska.lv\/veikals\/wp-json\/wp\/v2\/product_tag?post=1611"}],"curies":[{"name":"wp","href":"https:\/\/api.w.org\/{rel}","templated":true}]}}