{"id":1608,"date":"2016-06-28T09:09:05","date_gmt":"2018-08-30T08:47:46","guid":{"rendered":"http:\/\/lauska.lv\/veikalsbeta\/?post_type=product&#038;p=1608"},"modified":"2018-10-05T22:39:45","modified_gmt":"2018-10-05T19:39:45","slug":"trejdevini-kokletaji","status":"publish","type":"product","link":"https:\/\/lauska.lv\/veikals\/products\/trejdevini-kokletaji\/?lang=en","title":{"rendered":"Trejdevi\u0146i kokl\u0113t\u0101ji"},"content":{"rendered":"<p>Minimalistic meditations, ethno-jazz, ethno-baroque, intuitive and composed ensembles, joyous and enthusiastic variations inspired by ancient traditions, conservative authenticity and avantgarde experiments &#8211; the contemporary essence of the kokle is offered to the listeners on this album. For the first time, all types of kokle have been brought together in one place: traditional, modernised (or concert), ethno and electric. The musicians &#8211; well-known kokle players from Latvia and beyond its borders &#8211; present their music and ponder the development of the instrument and its significance to people today.<\/p>\n<p>Book\u00a0(72 pages) in Latvian and English\u00a0incl.\u00a0CD.<\/p>\n","protected":false},"excerpt":{"rendered":"<p><b>Author\u00a0<\/b><a href=\"http:\/\/lauska.lv\/veikals\/artists\/muktupavels-valdis\/?lang=en\" target=\"_blank\" rel=\"noopener\">Valdis Muktup\u0101vels<\/a><\/p>\n<p><b>Genre\u00a0<\/b><a href=\"http:\/\/lauska.lv\/veikals\/literary-cds-and-books\/?lang=en\">Literary CDs and books<\/a>, <a href=\"http:\/\/lauska.lv\/veikals\/post-folk\/?lang=en\">Post-Folk<\/a><\/p>\n<p><strong>ISBN<\/strong> 978-9934-8276-6-2<\/p>\n","protected":false},"featured_media":1014,"template":"","meta":{"jetpack_post_was_ever_published":false,"jetpack_publicize_message":"","jetpack_is_tweetstorm":false,"jetpack_publicize_feature_enabled":true,"jetpack_social_post_already_shared":true,"jetpack_social_options":{"image_generator_settings":{"template":"highway","enabled":false}}},"product_cat":[666,381,288,393,545,544,260,537,344,328,526,524,354,408,474,421],"product_tag":[98],"jetpack_publicize_connections":[],"jetpack_sharing_enabled":true,"_links":{"self":[{"href":"https:\/\/lauska.lv\/veikals\/wp-json\/wp\/v2\/product\/1608"}],"collection":[{"href":"https:\/\/lauska.lv\/veikals\/wp-json\/wp\/v2\/product"}],"about":[{"href":"https:\/\/lauska.lv\/veikals\/wp-json\/wp\/v2\/types\/product"}],"wp:featuredmedia":[{"embeddable":true,"href":"https:\/\/lauska.lv\/veikals\/wp-json\/wp\/v2\/media\/1014"}],"wp:attachment":[{"href":"https:\/\/lauska.lv\/veikals\/wp-json\/wp\/v2\/media?parent=1608"}],"wp:term":[{"taxonomy":"product_cat","embeddable":true,"href":"https:\/\/lauska.lv\/veikals\/wp-json\/wp\/v2\/product_cat?post=1608"},{"taxonomy":"product_tag","embeddable":true,"href":"https:\/\/lauska.lv\/veikals\/wp-json\/wp\/v2\/product_tag?post=1608"}],"curies":[{"name":"wp","href":"https:\/\/api.w.org\/{rel}","templated":true}]}}