{"id":1607,"date":"2017-12-27T22:06:15","date_gmt":"2018-08-30T08:45:02","guid":{"rendered":"http:\/\/lauska.lv\/veikalsbeta\/?post_type=product&#038;p=1607"},"modified":"2018-10-05T23:05:37","modified_gmt":"2018-10-05T20:05:37","slug":"muzam-saule-debesis","status":"publish","type":"product","link":"https:\/\/lauska.lv\/veikals\/products\/muzam-saule-debesis\/?lang=en","title":{"rendered":"M\u016b\u017eam saule debes\u012bs"},"content":{"rendered":"<p>The folk-rock band \u201eSymbolic\u201d captivates listeners with the poetry and symbolism found in Latvian folk songs. Although dominated by rock rhythms and guitars, kokles and other traditional instruments bring a unique sound to the band&#8217;s music.<\/p>\n","protected":false},"excerpt":{"rendered":"<p><b>Artist\u00a0<\/b><a href=\"http:\/\/lauska.lv\/veikals\/artists\/symbolic\/?lang=en\" target=\"_blank\" rel=\"noopener\">Symbolic<\/a><\/p>\n<p><strong>Genre\u00a0<\/strong><a href=\"http:\/\/lauska.lv\/veikals\/post-folk\/?lang=en\">Post-Folk<\/a><\/p>\n","protected":false},"featured_media":957,"template":"","meta":{"jetpack_post_was_ever_published":false,"jetpack_publicize_message":"","jetpack_is_tweetstorm":false,"jetpack_publicize_feature_enabled":true,"jetpack_social_post_already_shared":true,"jetpack_social_options":{"image_generator_settings":{"template":"highway","enabled":false}}},"product_cat":[465],"product_tag":[92],"jetpack_publicize_connections":[],"jetpack_sharing_enabled":false,"_links":{"self":[{"href":"https:\/\/lauska.lv\/veikals\/wp-json\/wp\/v2\/product\/1607"}],"collection":[{"href":"https:\/\/lauska.lv\/veikals\/wp-json\/wp\/v2\/product"}],"about":[{"href":"https:\/\/lauska.lv\/veikals\/wp-json\/wp\/v2\/types\/product"}],"wp:featuredmedia":[{"embeddable":true,"href":"https:\/\/lauska.lv\/veikals\/wp-json\/wp\/v2\/media\/957"}],"wp:attachment":[{"href":"https:\/\/lauska.lv\/veikals\/wp-json\/wp\/v2\/media?parent=1607"}],"wp:term":[{"taxonomy":"product_cat","embeddable":true,"href":"https:\/\/lauska.lv\/veikals\/wp-json\/wp\/v2\/product_cat?post=1607"},{"taxonomy":"product_tag","embeddable":true,"href":"https:\/\/lauska.lv\/veikals\/wp-json\/wp\/v2\/product_tag?post=1607"}],"curies":[{"name":"wp","href":"https:\/\/api.w.org\/{rel}","templated":true}]}}