{"id":1605,"date":"2017-10-27T22:20:08","date_gmt":"2018-08-30T08:39:31","guid":{"rendered":"http:\/\/lauska.lv\/veikalsbeta\/?post_type=product&#038;p=1605"},"modified":"2018-10-05T23:03:28","modified_gmt":"2018-10-05T20:03:28","slug":"lai-masina-rotajas","status":"publish","type":"product","link":"https:\/\/lauska.lv\/veikals\/products\/lai-masina-rotajas\/?lang=en","title":{"rendered":"Lai m\u0101si\u0146a rot\u0101j\u0101s"},"content":{"rendered":"<p>Drum and bagpipe group &#8220;Au\u013ci&#8221; and ethno music group &#8220;Tautumeitas&#8221; have joined forces to create a unique music\u00a0album &#8221; Lai m\u0101si\u0146a rot\u0101j\u0101s&#8221;.\u00a0Albums theme is dedicated to a very important period of person&#8217;s life &#8211; marriage and wedding. The powerful sounds of &#8220;Au\u013ci&#8221;&#8216;s bagpipes and drums represent masculinity, whilst &#8220;Tautumeitas&#8221; softer sound but still expressive multipart singing represent femininity. Just as newly weds need to learn how to live together after the wedding, &#8220;Au\u013ci&#8221; and &#8220;Tautumeitas&#8221; search for ways in which to respect and compliment each other on their musical journey.<\/p>\n","protected":false},"excerpt":{"rendered":"<p><strong>Artist<\/strong>\u00a0<a href=\"http:\/\/lauska.lv\/veikals\/artists\/auli\/?lang=en\" target=\"_blank\" rel=\"noopener\">Au\u013ci<\/a> and <a href=\"http:\/\/lauska.lv\/veikals\/artists\/tautumeitas\/?lang=en\" target=\"_blank\" rel=\"noopener\">Tautumeitas<\/a><\/p>\n<p><strong>Genre\u00a0<\/strong><a href=\"http:\/\/lauska.lv\/veikals\/post-folk\/?lang=en\">Post-Folk<\/a><\/p>\n","protected":false},"featured_media":973,"template":"","meta":{"jetpack_post_was_ever_published":false,"jetpack_publicize_message":"","jetpack_is_tweetstorm":false,"jetpack_publicize_feature_enabled":true,"jetpack_social_post_already_shared":true,"jetpack_social_options":{"image_generator_settings":{"template":"highway","enabled":false}}},"product_cat":[272,405,260,354,458],"product_tag":[92],"jetpack_publicize_connections":[],"jetpack_sharing_enabled":true,"_links":{"self":[{"href":"https:\/\/lauska.lv\/veikals\/wp-json\/wp\/v2\/product\/1605"}],"collection":[{"href":"https:\/\/lauska.lv\/veikals\/wp-json\/wp\/v2\/product"}],"about":[{"href":"https:\/\/lauska.lv\/veikals\/wp-json\/wp\/v2\/types\/product"}],"wp:featuredmedia":[{"embeddable":true,"href":"https:\/\/lauska.lv\/veikals\/wp-json\/wp\/v2\/media\/973"}],"wp:attachment":[{"href":"https:\/\/lauska.lv\/veikals\/wp-json\/wp\/v2\/media?parent=1605"}],"wp:term":[{"taxonomy":"product_cat","embeddable":true,"href":"https:\/\/lauska.lv\/veikals\/wp-json\/wp\/v2\/product_cat?post=1605"},{"taxonomy":"product_tag","embeddable":true,"href":"https:\/\/lauska.lv\/veikals\/wp-json\/wp\/v2\/product_tag?post=1605"}],"curies":[{"name":"wp","href":"https:\/\/api.w.org\/{rel}","templated":true}]}}