{"id":1598,"date":"2018-04-27T21:30:08","date_gmt":"2018-08-30T08:08:48","guid":{"rendered":"http:\/\/lauska.lv\/veikalsbeta\/?post_type=product&#038;p=1598"},"modified":"2018-10-05T23:09:58","modified_gmt":"2018-10-05T20:09:58","slug":"smuka-meitin","status":"publish","type":"product","link":"https:\/\/lauska.lv\/veikals\/products\/smuka-meitin\/?lang=en","title":{"rendered":"Smuk\u0101 meiti\u0146\u2019"},"content":{"rendered":"<p>\u201eTark\u0161\u0137u mandol\u012bnisti\u201d is a part of the children and youth folklore ensemble \u201eTark\u0161\u0137i\u201d from Iecava, that has paid particular attention to this nice string instrument &#8211; the mandolin. The mandolin can be played in mandolin ensembles as well as a part of bands with different other instruments such as guitar, violins, accordeon etc.\u00a0 The group plays popular tunes from the beginning of the 20th century that were documented in Zemgale.<\/p>\n","protected":false},"excerpt":{"rendered":"<p><b>Artist\u00a0<\/b><a href=\"http:\/\/lauska.lv\/veikals\/artists\/tarkski\/?lang=en\" target=\"_blank\" rel=\"noopener\">Tark\u0161\u0137u mandol\u012bnisti<\/a><\/p>\n<p><strong>Genre\u00a0<\/strong><a href=\"http:\/\/lauska.lv\/veikals\/traditional\/?lang=en\">Traditional<\/a><\/p>\n","protected":false},"featured_media":907,"template":"","meta":{"jetpack_post_was_ever_published":false,"jetpack_publicize_message":"","jetpack_is_tweetstorm":false,"jetpack_publicize_feature_enabled":true,"jetpack_social_post_already_shared":true,"jetpack_social_options":{"image_generator_settings":{"template":"highway","enabled":false}}},"product_cat":[260,459],"product_tag":[94],"jetpack_publicize_connections":[],"jetpack_sharing_enabled":false,"_links":{"self":[{"href":"https:\/\/lauska.lv\/veikals\/wp-json\/wp\/v2\/product\/1598"}],"collection":[{"href":"https:\/\/lauska.lv\/veikals\/wp-json\/wp\/v2\/product"}],"about":[{"href":"https:\/\/lauska.lv\/veikals\/wp-json\/wp\/v2\/types\/product"}],"wp:featuredmedia":[{"embeddable":true,"href":"https:\/\/lauska.lv\/veikals\/wp-json\/wp\/v2\/media\/907"}],"wp:attachment":[{"href":"https:\/\/lauska.lv\/veikals\/wp-json\/wp\/v2\/media?parent=1598"}],"wp:term":[{"taxonomy":"product_cat","embeddable":true,"href":"https:\/\/lauska.lv\/veikals\/wp-json\/wp\/v2\/product_cat?post=1598"},{"taxonomy":"product_tag","embeddable":true,"href":"https:\/\/lauska.lv\/veikals\/wp-json\/wp\/v2\/product_tag?post=1598"}],"curies":[{"name":"wp","href":"https:\/\/api.w.org\/{rel}","templated":true}]}}