{"id":1590,"date":"2018-03-27T21:41:01","date_gmt":"2018-08-30T07:22:31","guid":{"rendered":"http:\/\/lauska.lv\/veikalsbeta\/?post_type=product&#038;p=1590"},"modified":"2018-10-05T23:08:58","modified_gmt":"2018-10-05T20:08:58","slug":"kazas-selu-zemes","status":"publish","type":"product","link":"https:\/\/lauska.lv\/veikals\/products\/kazas-selu-zemes\/?lang=en","title":{"rendered":"K\u0101zas S\u0113\u013cu zem\u0113s"},"content":{"rendered":"<p>The folklore group \u201eSkandinieki\u201d has been leading and participating in countless weddings in Latvia und now presents wedding songs from a particular region in Latvia &#8211; S\u0113lija. The main emphasis is on the characteristic regional use of language or dialect as well as particular songs and melodies, thus preserving them from being forgotten.<\/p>\n","protected":false},"excerpt":{"rendered":"<p><b>Artist\u00a0<\/b><a href=\"http:\/\/lauska.lv\/veikals\/artists\/skandinieki\/?lang=en\" target=\"_blank\" rel=\"noopener\">Skandinieki<\/a><\/p>\n<p><strong>Genre\u00a0<\/strong><a href=\"http:\/\/lauska.lv\/veikals\/traditional\/?lang=en\">Traditional<\/a><\/p>\n","protected":false},"featured_media":923,"template":"","meta":{"jetpack_post_was_ever_published":false,"jetpack_publicize_message":"","jetpack_is_tweetstorm":false,"jetpack_publicize_feature_enabled":true,"jetpack_social_post_already_shared":true,"jetpack_social_options":{"image_generator_settings":{"template":"highway","enabled":false}}},"product_cat":[484],"product_tag":[94],"jetpack_publicize_connections":[],"jetpack_sharing_enabled":false,"_links":{"self":[{"href":"https:\/\/lauska.lv\/veikals\/wp-json\/wp\/v2\/product\/1590"}],"collection":[{"href":"https:\/\/lauska.lv\/veikals\/wp-json\/wp\/v2\/product"}],"about":[{"href":"https:\/\/lauska.lv\/veikals\/wp-json\/wp\/v2\/types\/product"}],"wp:featuredmedia":[{"embeddable":true,"href":"https:\/\/lauska.lv\/veikals\/wp-json\/wp\/v2\/media\/923"}],"wp:attachment":[{"href":"https:\/\/lauska.lv\/veikals\/wp-json\/wp\/v2\/media?parent=1590"}],"wp:term":[{"taxonomy":"product_cat","embeddable":true,"href":"https:\/\/lauska.lv\/veikals\/wp-json\/wp\/v2\/product_cat?post=1590"},{"taxonomy":"product_tag","embeddable":true,"href":"https:\/\/lauska.lv\/veikals\/wp-json\/wp\/v2\/product_tag?post=1590"}],"curies":[{"name":"wp","href":"https:\/\/api.w.org\/{rel}","templated":true}]}}