{"id":1577,"date":"2018-02-27T21:43:19","date_gmt":"2018-08-30T06:57:37","guid":{"rendered":"http:\/\/lauska.lv\/veikalsbeta\/?post_type=product&#038;p=1577"},"modified":"2018-10-05T23:07:42","modified_gmt":"2018-10-05T20:07:42","slug":"lustite-mana-laimite-mana","status":"publish","type":"product","link":"https:\/\/lauska.lv\/veikals\/products\/lustite-mana-laimite-mana\/?lang=en","title":{"rendered":"Lust\u012bte mana, laim\u012bte mana"},"content":{"rendered":"<p>Traditional folklore group &#8220;Ogl\u012bte&#8221; is a children and youth folklore group from Latvia, Ropa\u017ei municipality. The group performs Latvian traditional songs with ethnic instruments, games and dances.<\/p>\n","protected":false},"excerpt":{"rendered":"<p><b>Artist\u00a0<\/b><a href=\"http:\/\/lauska.lv\/veikals\/artists\/oglite\/?lang=en\" target=\"_blank\" rel=\"noopener\">Ogl\u012bte<\/a><\/p>\n<p><strong>Genre\u00a0<\/strong><a href=\"http:\/\/lauska.lv\/veikals\/traditional\/?lang=en\">Traditional<\/a><\/p>\n","protected":false},"featured_media":933,"template":"","meta":{"jetpack_post_was_ever_published":false,"jetpack_publicize_message":"","jetpack_is_tweetstorm":false,"jetpack_publicize_feature_enabled":true,"jetpack_social_post_already_shared":true,"jetpack_social_options":{"image_generator_settings":{"template":"highway","enabled":false}}},"product_cat":[405,260,364,304],"product_tag":[94],"jetpack_publicize_connections":[],"jetpack_sharing_enabled":false,"_links":{"self":[{"href":"https:\/\/lauska.lv\/veikals\/wp-json\/wp\/v2\/product\/1577"}],"collection":[{"href":"https:\/\/lauska.lv\/veikals\/wp-json\/wp\/v2\/product"}],"about":[{"href":"https:\/\/lauska.lv\/veikals\/wp-json\/wp\/v2\/types\/product"}],"wp:featuredmedia":[{"embeddable":true,"href":"https:\/\/lauska.lv\/veikals\/wp-json\/wp\/v2\/media\/933"}],"wp:attachment":[{"href":"https:\/\/lauska.lv\/veikals\/wp-json\/wp\/v2\/media?parent=1577"}],"wp:term":[{"taxonomy":"product_cat","embeddable":true,"href":"https:\/\/lauska.lv\/veikals\/wp-json\/wp\/v2\/product_cat?post=1577"},{"taxonomy":"product_tag","embeddable":true,"href":"https:\/\/lauska.lv\/veikals\/wp-json\/wp\/v2\/product_tag?post=1577"}],"curies":[{"name":"wp","href":"https:\/\/api.w.org\/{rel}","templated":true}]}}