{"id":1543,"date":"2005-08-28T14:19:00","date_gmt":"2005-08-28T11:19:00","guid":{"rendered":"http:\/\/lauska.lv\/veikalsbeta\/?post_type=product&#038;p=1543"},"modified":"2024-01-29T18:40:06","modified_gmt":"2024-01-29T16:40:06","slug":"sviests","status":"publish","type":"product","link":"https:\/\/lauska.lv\/veikals\/Preces\/sviests\/","title":{"rendered":"SVIESTS"},"content":{"rendered":"<p>Sviesta ideja ir apkopot ierakstus, kuros par\u0101d\u0101s, cik daudzveid\u012bgi \u0161odien Latvij\u0101 izpau\u017eas un tiek izmantots tautas m\u016bzikas mantojums. L\u012bdz ar to \u0161\u012b izlase nav viendab\u012bga nedz tematiski, nedz muzik\u0101l\u0101 stil\u0101, nedz izpild\u012bjuma zi\u0146\u0101. Iecere ir par\u0101d\u0101t, cik at\u0161\u0137ir\u012bgas grupas iedvesmojas no tradicion\u0101l\u0101s m\u016bzikas. Reiz\u0113m \u0161o visu m\u0113dz d\u0113v\u0113t par postfolkloru. Izlas\u0113 iek\u013cauti ne tikai 2005.gada, bet ar\u012b sen\u0101ki ieraksti.<\/p>\n<p>&nbsp;<\/p>\n<p>&nbsp;<\/p>\n","protected":false},"excerpt":{"rendered":"<p><strong>Izpild\u012bt\u0101js<\/strong>\u00a0Da\u017e\u0101di izpild\u012bt\u0101ji<\/p>\n<p><strong>\u017danri<\/strong>\u00a0<a href=\"http:\/\/lauska.lv\/veikals\/post-folks\/\">Post-folks<\/a><\/p>\n","protected":false},"featured_media":18295,"template":"","meta":{"jetpack_post_was_ever_published":false,"jetpack_publicize_message":"","jetpack_is_tweetstorm":false,"jetpack_publicize_feature_enabled":true,"jetpack_social_post_already_shared":true,"jetpack_social_options":{"image_generator_settings":{"template":"highway","enabled":false}}},"product_cat":[119,121,130,109,138,159,160,101,163,165,167,169,188,252,203,212,214,737,230,240,242,249],"product_tag":[33],"jetpack_publicize_connections":[],"jetpack_sharing_enabled":true,"_links":{"self":[{"href":"https:\/\/lauska.lv\/veikals\/wp-json\/wp\/v2\/product\/1543"}],"collection":[{"href":"https:\/\/lauska.lv\/veikals\/wp-json\/wp\/v2\/product"}],"about":[{"href":"https:\/\/lauska.lv\/veikals\/wp-json\/wp\/v2\/types\/product"}],"wp:featuredmedia":[{"embeddable":true,"href":"https:\/\/lauska.lv\/veikals\/wp-json\/wp\/v2\/media\/18295"}],"wp:attachment":[{"href":"https:\/\/lauska.lv\/veikals\/wp-json\/wp\/v2\/media?parent=1543"}],"wp:term":[{"taxonomy":"product_cat","embeddable":true,"href":"https:\/\/lauska.lv\/veikals\/wp-json\/wp\/v2\/product_cat?post=1543"},{"taxonomy":"product_tag","embeddable":true,"href":"https:\/\/lauska.lv\/veikals\/wp-json\/wp\/v2\/product_tag?post=1543"}],"curies":[{"name":"wp","href":"https:\/\/api.w.org\/{rel}","templated":true}]}}