{"id":1539,"date":"2005-08-28T14:15:48","date_gmt":"2005-08-28T11:15:48","guid":{"rendered":"http:\/\/lauska.lv\/veikalsbeta\/?post_type=product&#038;p=1539"},"modified":"2018-10-04T14:11:32","modified_gmt":"2018-10-04T11:11:32","slug":"sendzirdeju","status":"publish","type":"product","link":"https:\/\/lauska.lv\/veikals\/Preces\/sendzirdeju\/","title":{"rendered":"Sendzird\u0113ju"},"content":{"rendered":"<p>D\u016bdu un bungu grupas Au\u013ci pirmais albums, kur\u0101 v\u0113l izteikti\u00a0ieskan\u0101s seno d\u016bdu meldi\u0146i, kuru pieraksti latvie\u0161iem ir pavisam nedaudz. Izmantotas ar\u012b da\u017e\u0101das citas latvie\u0161u dziesmas un dejas, k\u0101 ar\u012b rad\u012bti jau pirmie pa\u0161u ska\u0146darbi un aran\u017e\u0113jumi.<\/p>\n<p>&nbsp;<\/p>\n<p>&nbsp;<\/p>\n","protected":false},"excerpt":{"rendered":"<p><strong>Izpild\u012bt\u0101js<\/strong>\u00a0<a href=\"http:\/\/lauska.lv\/veikals\/makslinieki\/auli\/\">Au\u013ci<\/a><\/p>\n<p><strong>\u017danri\u00a0<\/strong><a href=\"http:\/\/lauska.lv\/veikals\/post-folks\/\">Post-folks<\/a><\/p>\n","protected":false},"featured_media":1540,"template":"","meta":{"jetpack_post_was_ever_published":false,"jetpack_publicize_message":"","jetpack_is_tweetstorm":false,"jetpack_publicize_feature_enabled":true,"jetpack_social_post_already_shared":true,"jetpack_social_options":{"image_generator_settings":{"template":"highway","enabled":false}}},"product_cat":[119,101,252,249],"product_tag":[33],"jetpack_publicize_connections":[],"jetpack_sharing_enabled":true,"_links":{"self":[{"href":"https:\/\/lauska.lv\/veikals\/wp-json\/wp\/v2\/product\/1539"}],"collection":[{"href":"https:\/\/lauska.lv\/veikals\/wp-json\/wp\/v2\/product"}],"about":[{"href":"https:\/\/lauska.lv\/veikals\/wp-json\/wp\/v2\/types\/product"}],"wp:featuredmedia":[{"embeddable":true,"href":"https:\/\/lauska.lv\/veikals\/wp-json\/wp\/v2\/media\/1540"}],"wp:attachment":[{"href":"https:\/\/lauska.lv\/veikals\/wp-json\/wp\/v2\/media?parent=1539"}],"wp:term":[{"taxonomy":"product_cat","embeddable":true,"href":"https:\/\/lauska.lv\/veikals\/wp-json\/wp\/v2\/product_cat?post=1539"},{"taxonomy":"product_tag","embeddable":true,"href":"https:\/\/lauska.lv\/veikals\/wp-json\/wp\/v2\/product_tag?post=1539"}],"curies":[{"name":"wp","href":"https:\/\/api.w.org\/{rel}","templated":true}]}}