{"id":1535,"date":"2004-08-28T14:11:23","date_gmt":"2004-08-28T11:11:23","guid":{"rendered":"http:\/\/lauska.lv\/veikalsbeta\/?post_type=product&#038;p=1535"},"modified":"2018-10-04T14:10:20","modified_gmt":"2018-10-04T11:10:20","slug":"un-viss-klust-dziesma-beigas","status":"publish","type":"product","link":"https:\/\/lauska.lv\/veikals\/Preces\/un-viss-klust-dziesma-beigas\/","title":{"rendered":"&#8230;un viss k\u013c\u016bst dziesma beig\u0101s"},"content":{"rendered":"<p>Ieraksts veikts &#8220;D\u0101rzi\u0146u&#8221; m\u0101j\u0101s 2004. gada 10.mart\u0101 un t\u0101 izdo\u0161anu ir vad\u012bjusi v\u0113l\u0113\u0161an\u0101s dot iesp\u0113ju tuv\u0101k iepaz\u012bt Bro\u0146islavas Martu\u017eevas kr\u0101\u0161\u0146\u0101s, t\u012brskan\u012bg\u0101s un \u013coti daudzveid\u012bg\u0101s person\u012bbas b\u016bt\u012bbu un m\u016b\u017e\u0101 uzkr\u0101t\u0101s v\u0113rt\u012bbas, t\u0101m izskanot dzej\u0101, dziesm\u0101s un sarun\u0101s, kur\u0101s piedal\u0101s ar\u012b m\u0101sa Magdal\u0113na.<\/p>\n<p>&nbsp;<\/p>\n<p>&nbsp;<\/p>\n","protected":false},"excerpt":{"rendered":"<p><strong>Autors\u00a0<\/strong><a href=\"http:\/\/lauska.lv\/veikals\/martuzeva-bronislava\/\" target=\"_blank\" rel=\"noopener\">Bro\u0146islava Martu\u017eeva<\/a><\/p>\n<p><strong>\u017danri<\/strong>\u00a0<a href=\"http:\/\/lauska.lv\/veikals\/literari-diski-un-gramatas\/\">Liter\u0101ri diski un gr\u0101matas<\/a><\/p>\n","protected":false},"featured_media":1536,"template":"","meta":{"jetpack_post_was_ever_published":false,"jetpack_publicize_message":"","jetpack_is_tweetstorm":false,"jetpack_publicize_feature_enabled":true,"jetpack_social_post_already_shared":true,"jetpack_social_options":{"image_generator_settings":{"template":"highway","enabled":false}}},"product_cat":[101,251,174,249],"product_tag":[32],"jetpack_publicize_connections":[],"jetpack_sharing_enabled":true,"_links":{"self":[{"href":"https:\/\/lauska.lv\/veikals\/wp-json\/wp\/v2\/product\/1535"}],"collection":[{"href":"https:\/\/lauska.lv\/veikals\/wp-json\/wp\/v2\/product"}],"about":[{"href":"https:\/\/lauska.lv\/veikals\/wp-json\/wp\/v2\/types\/product"}],"wp:featuredmedia":[{"embeddable":true,"href":"https:\/\/lauska.lv\/veikals\/wp-json\/wp\/v2\/media\/1536"}],"wp:attachment":[{"href":"https:\/\/lauska.lv\/veikals\/wp-json\/wp\/v2\/media?parent=1535"}],"wp:term":[{"taxonomy":"product_cat","embeddable":true,"href":"https:\/\/lauska.lv\/veikals\/wp-json\/wp\/v2\/product_cat?post=1535"},{"taxonomy":"product_tag","embeddable":true,"href":"https:\/\/lauska.lv\/veikals\/wp-json\/wp\/v2\/product_tag?post=1535"}],"curies":[{"name":"wp","href":"https:\/\/api.w.org\/{rel}","templated":true}]}}