{"id":1523,"date":"2006-08-28T13:54:30","date_gmt":"2006-08-28T10:54:30","guid":{"rendered":"http:\/\/lauska.lv\/veikalsbeta\/?post_type=product&#038;p=1523"},"modified":"2024-12-06T11:10:18","modified_gmt":"2024-12-06T09:10:18","slug":"1523","status":"publish","type":"product","link":"https:\/\/lauska.lv\/veikals\/Preces\/1523\/","title":{"rendered":"D\u016bdu sp\u0113les pa\u0161m\u0101c\u012bba"},"content":{"rendered":"<p>Liel\u0101s folkloras gada balvas 2006 ieguv\u0113js nomin\u0101cij\u0101 &#8220;Izgl\u012bt\u012bbas veicin\u0101\u0161ana&#8221;. \u0160\u012b ir pirm\u0101 d\u016bdu sp\u0113les pa\u0161m\u0101c\u012bbas gr\u0101mata latvie\u0161u valod\u0101, kuras nepiecie\u0161am\u012bbu apliecina d\u016bdu pieaugo\u0161\u0101 popularit\u0101te latvie\u0161u tautas un citu muzikantu vid\u016b.<\/p>\n<p>Gr\u0101mat\u0101 ir \u012bss apskats par d\u016bdu sp\u0113l\u0113\u0161anu Zieme\u013ceirop\u0101. Gr\u0101mata dod pam\u0101c\u012bbas, k\u0101 ska\u0146ot d\u016bdas un ietver d\u016bdu sp\u0113les vingrin\u0101jumus ar not\u012bm un paskaidrojumiem ar pieaugo\u0161u sare\u017e\u0123\u012bt\u012bbas pak\u0101pi &#8211; vingrin\u0101jumi ir noklaus\u0101mi ar\u012b pievienotaj\u0101 kompaktdisk\u0101. Nosl\u0113gum\u0101 ir 12 latvie\u0161u tautas dziesmu un dan\u010du melodiju notis.<\/p>\n<p>Gr\u0101mata (21 x 16 cm, 56 lpp.) ar Cd pielikumu latvie\u0161u valod\u0101<\/p>\n","protected":false},"excerpt":{"rendered":"<p><strong>Autors\u00a0<\/strong><a href=\"http:\/\/lauska.lv\/veikals\/barbals-kaspars\/\">Kaspars B\u0101rbals<\/a><\/p>\n<p><strong>\u017danri\u00a0<\/strong><a href=\"http:\/\/lauska.lv\/veikals\/literari-diski-un-gramatas\/\">Liter\u0101ri diski un gr\u0101matas<\/a><\/p>\n<p><strong>ISBN<\/strong> 9984-39-024-1<\/p>\n","protected":false},"featured_media":1532,"template":"","meta":{"jetpack_post_was_ever_published":false,"jetpack_publicize_message":"","jetpack_is_tweetstorm":false,"jetpack_publicize_feature_enabled":true,"jetpack_social_post_already_shared":true,"jetpack_social_options":{"image_generator_settings":{"template":"highway","enabled":false}}},"product_cat":[127,101,251,249],"product_tag":[34],"jetpack_publicize_connections":[],"jetpack_sharing_enabled":true,"_links":{"self":[{"href":"https:\/\/lauska.lv\/veikals\/wp-json\/wp\/v2\/product\/1523"}],"collection":[{"href":"https:\/\/lauska.lv\/veikals\/wp-json\/wp\/v2\/product"}],"about":[{"href":"https:\/\/lauska.lv\/veikals\/wp-json\/wp\/v2\/types\/product"}],"wp:featuredmedia":[{"embeddable":true,"href":"https:\/\/lauska.lv\/veikals\/wp-json\/wp\/v2\/media\/1532"}],"wp:attachment":[{"href":"https:\/\/lauska.lv\/veikals\/wp-json\/wp\/v2\/media?parent=1523"}],"wp:term":[{"taxonomy":"product_cat","embeddable":true,"href":"https:\/\/lauska.lv\/veikals\/wp-json\/wp\/v2\/product_cat?post=1523"},{"taxonomy":"product_tag","embeddable":true,"href":"https:\/\/lauska.lv\/veikals\/wp-json\/wp\/v2\/product_tag?post=1523"}],"curies":[{"name":"wp","href":"https:\/\/api.w.org\/{rel}","templated":true}]}}