{"id":1521,"date":"2007-08-28T13:52:15","date_gmt":"2007-08-28T10:52:15","guid":{"rendered":"http:\/\/lauska.lv\/veikalsbeta\/?post_type=product&#038;p=1521"},"modified":"2018-10-04T14:37:30","modified_gmt":"2018-10-04T11:37:30","slug":"pirmie-25","status":"publish","type":"product","link":"https:\/\/lauska.lv\/veikals\/Preces\/pirmie-25\/","title":{"rendered":"Pirmie 25"},"content":{"rendered":"<p>Folkloras draugu kopu &#8220;Savie\u0161i&#8221; dibin\u0101ja Valdis Muktup\u0101vels, 1980. gad\u0101 R\u012bgas Lieti\u0161\u0137\u0101s m\u0101kslas vidusskol\u0101 (RLMV), pulc\u0113jot kop\u0101 lielu skaitu entuziasma pilnus jaunie\u0161us. \u0160\u012bs kopas padomdev\u0113ju un krustvec\u0101ku loma bija Folkloras draugu kopai &#8220;Skandinieki&#8221;. Ta\u010du 1985. gad\u0101 ideolo\u0123isku nesaska\u0146u d\u0113\u013c, dal\u012bbnieki bija spiesti \u0161\u0137irties no V. Muktup\u0101vela un skolas. Par n\u0101kamo vad\u012bt\u0101ju k\u013cuva Velta Leja, t\u0101s pa\u0161as skolas absolvente, tagad\u0113j\u0101 Jelgavas folkloras kopas &#8220;Dimz\u0113ns&#8221; vad\u012bt\u0101ja. No 80. gadu vidus grupa piedz\u012bvoja savus ziedu laikus, uzst\u0101joties gan nelielos pas\u0101kumos, gan pla\u0161os tradicion\u0101l\u0101s kult\u016bras sv\u0113tkos Latvij\u0101 un \u0101rvalst\u012bs \u2013 Lietuv\u0101, Igaunij\u0101, Bulg\u0101rij\u0101, It\u0101lij\u0101, Vatik\u0101n\u0101. Grupas repertu\u0101r\u0101 bija dziesmas, dejas un rota\u013cas no visiem Latvijas novadiem. Darb\u012bbas laik\u0101 Savie\u0161i sagatavoja vair\u0101kas tematiskas programmas: gadsk\u0101rtu, k\u0101zu, b\u0113ru, karav\u012bru un \u0161\u016bpu\u013cdziesmas. Lielu da\u013cu grupas repertu\u0101ra veidoja dal\u012bbnieku apzin\u0101ts materi\u0101ls \u2013 gan str\u0101d\u0101jot ar senajiem pierakstiem, gan pa\u0161u v\u0101ktu m\u016bzikas materi\u0101lu tie\u0161i no teic\u0113jiem, kas sav\u0101kts brauk\u0101jot pa Latviju eksped\u012bcij\u0101s (piem. Svent\u0101j\u0101, Lub\u0101n\u0101 u.c.).<br \/>\nP\u0113c gar\u0101ka p\u0101rtraukuma, 2005. gad\u0101, gatavojoties savai 25 gadu jubilejai, Savie\u0161i ats\u0101ka darb\u012bbu, pulc\u0113jot gan vair\u0101kus biju\u0161os, gan jaunus dal\u012bbniekus. Grupa studij\u0101 ieska\u0146oja vair\u0101kus Savie\u0161u darb\u012bbai rakstur\u012bgus materi\u0101lus un tiem pievienoja v\u0113sturiskus fragmentus no 80. gados veiktajiem folkloras ierakstiem V. Muktup\u0101vela un V. Lejas darb\u012bbas laik\u0101, t\u0101d\u0113j\u0101di veidojot CD &#8220;Pirmie 25&#8221;. Savie\u0161i turpina regul\u0101ri sadzied\u0101t un piedal\u0101s da\u017e\u0101dos maz\u0101kos un pla\u0161\u0101kos kult\u016bras pas\u0101kumos.<\/p>\n","protected":false},"excerpt":{"rendered":"<p><strong>Izpild\u012bt\u0101js<\/strong> <a href=\"http:\/\/lauska.lv\/veikals\/saviesi\/\">Savie\u0161i<\/a><\/p>\n<p><strong>\u017danri<\/strong>\u00a0<a href=\"http:\/\/lauska.lv\/veikals\/folklora\/\">Folklora<\/a><\/p>\n","protected":false},"featured_media":1488,"template":"","meta":{"jetpack_post_was_ever_published":false,"jetpack_publicize_message":"","jetpack_is_tweetstorm":false,"jetpack_publicize_feature_enabled":true,"jetpack_social_post_already_shared":true,"jetpack_social_options":{"image_generator_settings":{"template":"highway","enabled":false}}},"product_cat":[250,101,208,249],"product_tag":[35],"jetpack_publicize_connections":[],"jetpack_sharing_enabled":true,"_links":{"self":[{"href":"https:\/\/lauska.lv\/veikals\/wp-json\/wp\/v2\/product\/1521"}],"collection":[{"href":"https:\/\/lauska.lv\/veikals\/wp-json\/wp\/v2\/product"}],"about":[{"href":"https:\/\/lauska.lv\/veikals\/wp-json\/wp\/v2\/types\/product"}],"wp:featuredmedia":[{"embeddable":true,"href":"https:\/\/lauska.lv\/veikals\/wp-json\/wp\/v2\/media\/1488"}],"wp:attachment":[{"href":"https:\/\/lauska.lv\/veikals\/wp-json\/wp\/v2\/media?parent=1521"}],"wp:term":[{"taxonomy":"product_cat","embeddable":true,"href":"https:\/\/lauska.lv\/veikals\/wp-json\/wp\/v2\/product_cat?post=1521"},{"taxonomy":"product_tag","embeddable":true,"href":"https:\/\/lauska.lv\/veikals\/wp-json\/wp\/v2\/product_tag?post=1521"}],"curies":[{"name":"wp","href":"https:\/\/api.w.org\/{rel}","templated":true}]}}