{"id":1514,"date":"2007-01-28T13:45:19","date_gmt":"2007-01-28T11:45:19","guid":{"rendered":"http:\/\/lauska.lv\/veikalsbeta\/?post_type=product&#038;p=1514"},"modified":"2018-10-04T14:21:54","modified_gmt":"2018-10-04T11:21:54","slug":"mezs-ieiet-sevi","status":"publish","type":"product","link":"https:\/\/lauska.lv\/veikals\/Preces\/mezs-ieiet-sevi\/","title":{"rendered":"Me\u017es ieiet sev\u012b"},"content":{"rendered":"<p>\u0160is albums ir Imantam Daksim dr\u012bz\u0101k nerakstur\u012bgs ieraksts, jo atspogu\u013co vi\u0146a sadarb\u012bbu ar iepriek\u0161 neskartiem skan\u0113juma laukiem. Albums &#8220;Me\u017es ieiet sev\u012b&#8221; ir tautisku ska\u0146u un noska\u0146u pies\u0101tin\u0101ts. Tas ir tapis sadarb\u012bb\u0101 ar prasm\u012bgiem tautas m\u016bzi\u0137iem &#8211; Kasparu B\u0101rbalu, Gati Valteru, Miku \u010cavartu, Zintu Poni un Krist\u012bni K\u0101rkli. Taj\u0101 ir dzirdama d\u016bdu, stabu\u013cu, kokles, \u0123\u012bgas un citu tautas instrumentu sp\u0113le. Ar albuma &#8220;Me\u017es ieiet sev\u012b&#8221; pal\u012bdz\u012bbu Imants pau\u017e savu cie\u0146u pret apk\u0101rt\u0113jo dabu. Jaun\u0101k\u0101 albuma v\u0101ci\u0146\u0161 ir druk\u0101ts uz pap\u012bra, kas tiek ra\u017eots ar cie\u0146u pret vidi.<\/p>\n","protected":false},"excerpt":{"rendered":"<p><strong>Izpild\u012bt\u0101js<\/strong>\u00a0<a href=\"http:\/\/lauska.lv\/veikals\/daksis-imants\/\">Imants Daksis<\/a><\/p>\n<p><strong>\u017danri <\/strong><a href=\"http:\/\/lauska.lv\/veikals\/dziesminieki-autormuzika\/\">Dziesminieki \/ Autorm\u016bzika<\/a><\/p>\n","protected":false},"featured_media":1482,"template":"","meta":{"jetpack_post_was_ever_published":false,"jetpack_publicize_message":"","jetpack_is_tweetstorm":false,"jetpack_publicize_feature_enabled":true,"jetpack_social_post_already_shared":true,"jetpack_social_options":{"image_generator_settings":{"template":"highway","enabled":false}}},"product_cat":[133,49,101,249],"product_tag":[35],"jetpack_publicize_connections":[],"jetpack_sharing_enabled":true,"_links":{"self":[{"href":"https:\/\/lauska.lv\/veikals\/wp-json\/wp\/v2\/product\/1514"}],"collection":[{"href":"https:\/\/lauska.lv\/veikals\/wp-json\/wp\/v2\/product"}],"about":[{"href":"https:\/\/lauska.lv\/veikals\/wp-json\/wp\/v2\/types\/product"}],"wp:featuredmedia":[{"embeddable":true,"href":"https:\/\/lauska.lv\/veikals\/wp-json\/wp\/v2\/media\/1482"}],"wp:attachment":[{"href":"https:\/\/lauska.lv\/veikals\/wp-json\/wp\/v2\/media?parent=1514"}],"wp:term":[{"taxonomy":"product_cat","embeddable":true,"href":"https:\/\/lauska.lv\/veikals\/wp-json\/wp\/v2\/product_cat?post=1514"},{"taxonomy":"product_tag","embeddable":true,"href":"https:\/\/lauska.lv\/veikals\/wp-json\/wp\/v2\/product_tag?post=1514"}],"curies":[{"name":"wp","href":"https:\/\/api.w.org\/{rel}","templated":true}]}}