{"id":1513,"date":"2007-08-28T13:43:00","date_gmt":"2007-08-28T10:43:00","guid":{"rendered":"http:\/\/lauska.lv\/veikalsbeta\/?post_type=product&#038;p=1513"},"modified":"2018-10-04T14:36:08","modified_gmt":"2018-10-04T11:36:08","slug":"%d0%b3%d1%83%d0%bb%d1%8f%d1%8e-%d0%b3%d1%83%d0%bb%d1%8f%d1%8e-guljaju-guljaju-staigaju-apkart","status":"publish","type":"product","link":"https:\/\/lauska.lv\/veikals\/Preces\/%d0%b3%d1%83%d0%bb%d1%8f%d1%8e-%d0%b3%d1%83%d0%bb%d1%8f%d1%8e-guljaju-guljaju-staigaju-apkart\/","title":{"rendered":"\u0413\u0443\u043b\u044f\u044e, \u0413\u0443\u043b\u044f\u044e \/ Guljaju, guljaju \u2013 staig\u0101ju apk\u0101rt"},"content":{"rendered":"<p>Latvij\u0101 p\u0101rizdots Sanp\u0113terburgas grupas Reelroad albums, kur\u0101 ir p\u0101rsvar\u0101 jautras krievu tautasdziesmas ar instrument\u0101lu pavad\u012bjumu.<\/p>\n","protected":false},"excerpt":{"rendered":"<p><strong>Izpild\u012bt\u0101js<\/strong> <a href=\"http:\/\/lauska.lv\/veikals\/reelroad%d1%8a\/\">Reelroad\u044a<\/a><\/p>\n<p><strong>\u017danri\u00a0<\/strong><a href=\"http:\/\/lauska.lv\/veikals\/post-folks\/\">Post-folks<\/a><\/p>\n","protected":false},"featured_media":1479,"template":"","meta":{"jetpack_post_was_ever_published":false,"jetpack_publicize_message":"","jetpack_is_tweetstorm":false,"jetpack_publicize_feature_enabled":true,"jetpack_social_post_already_shared":true,"jetpack_social_options":{"image_generator_settings":{"template":"highway","enabled":false}}},"product_cat":[101,252,200,249],"product_tag":[35],"jetpack_publicize_connections":[],"jetpack_sharing_enabled":true,"_links":{"self":[{"href":"https:\/\/lauska.lv\/veikals\/wp-json\/wp\/v2\/product\/1513"}],"collection":[{"href":"https:\/\/lauska.lv\/veikals\/wp-json\/wp\/v2\/product"}],"about":[{"href":"https:\/\/lauska.lv\/veikals\/wp-json\/wp\/v2\/types\/product"}],"wp:featuredmedia":[{"embeddable":true,"href":"https:\/\/lauska.lv\/veikals\/wp-json\/wp\/v2\/media\/1479"}],"wp:attachment":[{"href":"https:\/\/lauska.lv\/veikals\/wp-json\/wp\/v2\/media?parent=1513"}],"wp:term":[{"taxonomy":"product_cat","embeddable":true,"href":"https:\/\/lauska.lv\/veikals\/wp-json\/wp\/v2\/product_cat?post=1513"},{"taxonomy":"product_tag","embeddable":true,"href":"https:\/\/lauska.lv\/veikals\/wp-json\/wp\/v2\/product_tag?post=1513"}],"curies":[{"name":"wp","href":"https:\/\/api.w.org\/{rel}","templated":true}]}}