{"id":1507,"date":"2007-01-28T13:40:57","date_gmt":"2007-01-28T11:40:57","guid":{"rendered":"http:\/\/lauska.lv\/veikalsbeta\/?post_type=product&#038;p=1507"},"modified":"2018-10-04T14:20:35","modified_gmt":"2018-10-04T11:20:35","slug":"patina","status":"publish","type":"product","link":"https:\/\/lauska.lv\/veikals\/Preces\/patina\/","title":{"rendered":"Patina"},"content":{"rendered":"<p>Etnod\u017eeza apvien\u012bba &#8220;Patina&#8221; dziesminieces Birutas Ozoli\u0146as vad\u012bb\u0101 dzima 2003. gad\u0101, tautas melodijas no Latgales un citiem Latvijas novadiem iet\u0113rpjot m\u016bsdien\u012bgos aran\u017e\u0113jumos.<\/p>\n<p>Grupas ori\u0123in\u0101lm\u016bzika sak\u0146ota latvie\u0161u muzik\u0101laj\u0101s trad\u012bcij\u0101s. Rakstur\u012bgais tautas dzied\u0101\u0161anas stils, rakstur\u012bg\u0101s ska\u0146k\u0101rtas un ritmika te apvienota ar d\u017eeza m\u016bzikas kompoz\u012bcijas principiem \u2013 harmoniz\u0101ciju, instrument\u0101l\u0101m improviz\u0101cij\u0101m, ska\u0146darba formas veido\u0161anu.<\/p>\n","protected":false},"excerpt":{"rendered":"<p><strong>Izpild\u012bt\u0101js<\/strong>\u00a0<a href=\"http:\/\/lauska.lv\/veikals\/patina\/\">Patina<\/a><\/p>\n<p><b>\u017danrs\u00a0<\/b><a href=\"http:\/\/lauska.lv\/veikals\/post-folks\/\">Post-folks<\/a><\/p>\n","protected":false},"featured_media":1476,"template":"","meta":{"jetpack_post_was_ever_published":false,"jetpack_publicize_message":"","jetpack_is_tweetstorm":false,"jetpack_publicize_feature_enabled":true,"jetpack_social_post_already_shared":true,"jetpack_social_options":{"image_generator_settings":{"template":"highway","enabled":false}}},"product_cat":[188,252,249],"product_tag":[35],"jetpack_publicize_connections":[],"jetpack_sharing_enabled":true,"_links":{"self":[{"href":"https:\/\/lauska.lv\/veikals\/wp-json\/wp\/v2\/product\/1507"}],"collection":[{"href":"https:\/\/lauska.lv\/veikals\/wp-json\/wp\/v2\/product"}],"about":[{"href":"https:\/\/lauska.lv\/veikals\/wp-json\/wp\/v2\/types\/product"}],"wp:featuredmedia":[{"embeddable":true,"href":"https:\/\/lauska.lv\/veikals\/wp-json\/wp\/v2\/media\/1476"}],"wp:attachment":[{"href":"https:\/\/lauska.lv\/veikals\/wp-json\/wp\/v2\/media?parent=1507"}],"wp:term":[{"taxonomy":"product_cat","embeddable":true,"href":"https:\/\/lauska.lv\/veikals\/wp-json\/wp\/v2\/product_cat?post=1507"},{"taxonomy":"product_tag","embeddable":true,"href":"https:\/\/lauska.lv\/veikals\/wp-json\/wp\/v2\/product_tag?post=1507"}],"curies":[{"name":"wp","href":"https:\/\/api.w.org\/{rel}","templated":true}]}}