{"id":1504,"date":"2007-08-28T13:38:45","date_gmt":"2007-08-28T10:38:45","guid":{"rendered":"http:\/\/lauska.lv\/veikalsbeta\/?post_type=product&#038;p=1504"},"modified":"2018-10-04T14:34:45","modified_gmt":"2018-10-04T11:34:45","slug":"lacenes-un-kazenes","status":"publish","type":"product","link":"https:\/\/lauska.lv\/veikals\/Preces\/lacenes-un-kazenes\/","title":{"rendered":"L\u0101cenes un kazenes"},"content":{"rendered":"<p>Album\u0101 iek\u013cautas kopas repertu\u0101r\u0101 eso\u0161\u0101s prec\u012bbu un k\u0101zu dziesmas no visiem Latvijas novadiem.<i><\/i><\/p>\n<p>L\u0101na vad\u012bt\u0101ja Ruta Stepi\u0146a saka: \u201c\u0160oreiz, me\u017e\u0101 ogojot, esam staig\u0101ju\u0161as tos celi\u0146us un takas, kur savu so\u013cu nospiedumus pirms daudziem, daudziem gadiem atst\u0101ju\u0161as t\u0101das pa\u0161as k\u0101 m\u0113s, kas dzied\u0101ja par sevi, par Laimu, laimi un nelaimi, par to, k\u0101 t\u0101s tika l\u016bkotas, ar\u012bdzan par to, k\u0101 j\u0101ja precinieki, k\u0101 m\u0101su aizveda ved\u0113ji, par to, ka j\u0101prot dro\u0161i tur\u0113ties sve\u0161os \u013caud\u012bs un, protams, ka tautud\u0113ls nemaz net\u012bk vai, glu\u017ei otr\u0101di, \u0161\u0137iet pats \u012bstais.\u201d<\/p>\n","protected":false},"excerpt":{"rendered":"<p><strong>Izpild\u012bt\u0101js\u00a0<\/strong><a href=\"http:\/\/lauska.lv\/veikals\/lans\/\">L\u0101ns<\/a><\/p>\n<p><strong>\u017danri <\/strong><a href=\"http:\/\/lauska.lv\/veikals\/post-folks\/\">Post-folks<\/a><\/p>\n","protected":false},"featured_media":1473,"template":"","meta":{"jetpack_post_was_ever_published":false,"jetpack_publicize_message":"","jetpack_is_tweetstorm":false,"jetpack_publicize_feature_enabled":true,"jetpack_social_post_already_shared":true,"jetpack_social_options":{"image_generator_settings":{"template":"highway","enabled":false}}},"product_cat":[101,167,252,249],"product_tag":[35],"jetpack_publicize_connections":[],"jetpack_sharing_enabled":true,"_links":{"self":[{"href":"https:\/\/lauska.lv\/veikals\/wp-json\/wp\/v2\/product\/1504"}],"collection":[{"href":"https:\/\/lauska.lv\/veikals\/wp-json\/wp\/v2\/product"}],"about":[{"href":"https:\/\/lauska.lv\/veikals\/wp-json\/wp\/v2\/types\/product"}],"wp:featuredmedia":[{"embeddable":true,"href":"https:\/\/lauska.lv\/veikals\/wp-json\/wp\/v2\/media\/1473"}],"wp:attachment":[{"href":"https:\/\/lauska.lv\/veikals\/wp-json\/wp\/v2\/media?parent=1504"}],"wp:term":[{"taxonomy":"product_cat","embeddable":true,"href":"https:\/\/lauska.lv\/veikals\/wp-json\/wp\/v2\/product_cat?post=1504"},{"taxonomy":"product_tag","embeddable":true,"href":"https:\/\/lauska.lv\/veikals\/wp-json\/wp\/v2\/product_tag?post=1504"}],"curies":[{"name":"wp","href":"https:\/\/api.w.org\/{rel}","templated":true}]}}