{"id":1503,"date":"2007-02-28T13:36:21","date_gmt":"2007-02-28T11:36:21","guid":{"rendered":"http:\/\/lauska.lv\/veikalsbeta\/?post_type=product&#038;p=1503"},"modified":"2024-12-06T11:07:18","modified_gmt":"2024-12-06T09:07:18","slug":"karavira-ligavina","status":"publish","type":"product","link":"https:\/\/lauska.lv\/veikals\/Preces\/karavira-ligavina\/","title":{"rendered":"Karav\u012bra l\u012bgavi\u0146a"},"content":{"rendered":"<p>Album\u0101 galvenok\u0101rt iek\u013cautas karav\u012bru sievu un l\u012bgavu dziesmas.<\/p>\n<p>\u201c\u0160\u012b ir tic\u012bbas dziesma. Jo m\u0101judziesma. Varo\u0146i aiziet un paz\u016bd karos un cer\u012bb\u0101. Varo\u0146i aiziet pasaul\u0113. M\u0101j\u0101s paliek pieder\u012bgie. J\u0101, ar\u012b piesaist\u012btie&#8230; tom\u0113r \u2013 pieder\u012bgie. M\u0101ju dziesma ir uztic\u012bbas dziesma.\u201d (Imants Ziedonis)<\/p>\n","protected":false},"excerpt":{"rendered":"<p><strong>Izpild\u012bt\u0101js<\/strong>\u00a0<a href=\"http:\/\/lauska.lv\/veikals\/vilcenes\/\">Vilcenes<\/a><\/p>\n<p><strong>\u017danri<\/strong>\u00a0<a href=\"http:\/\/lauska.lv\/veikals\/folklora\/\">Folklora<\/a><\/p>\n","protected":false},"featured_media":1470,"template":"","meta":{"jetpack_post_was_ever_published":false,"jetpack_publicize_message":"","jetpack_is_tweetstorm":false,"jetpack_publicize_feature_enabled":true,"jetpack_social_post_already_shared":true,"jetpack_social_options":{"image_generator_settings":{"template":"highway","enabled":false}}},"product_cat":[250,101,239,249],"product_tag":[35],"jetpack_publicize_connections":[],"jetpack_sharing_enabled":true,"_links":{"self":[{"href":"https:\/\/lauska.lv\/veikals\/wp-json\/wp\/v2\/product\/1503"}],"collection":[{"href":"https:\/\/lauska.lv\/veikals\/wp-json\/wp\/v2\/product"}],"about":[{"href":"https:\/\/lauska.lv\/veikals\/wp-json\/wp\/v2\/types\/product"}],"wp:featuredmedia":[{"embeddable":true,"href":"https:\/\/lauska.lv\/veikals\/wp-json\/wp\/v2\/media\/1470"}],"wp:attachment":[{"href":"https:\/\/lauska.lv\/veikals\/wp-json\/wp\/v2\/media?parent=1503"}],"wp:term":[{"taxonomy":"product_cat","embeddable":true,"href":"https:\/\/lauska.lv\/veikals\/wp-json\/wp\/v2\/product_cat?post=1503"},{"taxonomy":"product_tag","embeddable":true,"href":"https:\/\/lauska.lv\/veikals\/wp-json\/wp\/v2\/product_tag?post=1503"}],"curies":[{"name":"wp","href":"https:\/\/api.w.org\/{rel}","templated":true}]}}