{"id":1497,"date":"2007-06-28T13:34:30","date_gmt":"2007-06-28T10:34:30","guid":{"rendered":"http:\/\/lauska.lv\/veikalsbeta\/?post_type=product&#038;p=1497"},"modified":"2018-10-04T14:32:11","modified_gmt":"2018-10-04T11:32:11","slug":"saucejas-tradicionalas-dziedasanas-grupa","status":"publish","type":"product","link":"https:\/\/lauska.lv\/veikals\/Preces\/saucejas-tradicionalas-dziedasanas-grupa\/","title":{"rendered":"Sauc\u0113jas, tradicion\u0101l\u0101s dzied\u0101\u0161anas grupa"},"content":{"rendered":"<p>Tradicion\u0101l\u0101s dzied\u0101\u0161anas grupa Sauc\u0113jas izpilda latvie\u0161u tautas dziesmas to tradicion\u0101laj\u0101 dzied\u0101\u0161anas manier\u0113, kam rakstur\u012bg\u0101 ska\u0146veide apg\u016bta galvenok\u0101rt izmantojot teic\u0113ju dzied\u0101jumu ierakstus. \u0160is albums ietver dziesmas no Zieme\u013clatgales, Zieme\u013cvidzemes, S\u0113lijas un Dienvidkurzemes.<\/p>\n","protected":false},"excerpt":{"rendered":"<p><strong>Izpild\u012bt\u0101js<\/strong>\u00a0<a href=\"http:\/\/lauska.lv\/veikals\/saucejas\/\">Sauc\u0113jas<\/a><\/p>\n<p><strong>\u017danri\u00a0<\/strong><a href=\"http:\/\/lauska.lv\/veikals\/folklora\/\">Folklora<\/a><\/p>\n","protected":false},"featured_media":1467,"template":"","meta":{"jetpack_post_was_ever_published":false,"jetpack_publicize_message":"","jetpack_is_tweetstorm":false,"jetpack_publicize_feature_enabled":true,"jetpack_social_post_already_shared":true,"jetpack_social_options":{"image_generator_settings":{"template":"highway","enabled":false}}},"product_cat":[250,101,207,249],"product_tag":[35],"jetpack_publicize_connections":[],"jetpack_sharing_enabled":true,"_links":{"self":[{"href":"https:\/\/lauska.lv\/veikals\/wp-json\/wp\/v2\/product\/1497"}],"collection":[{"href":"https:\/\/lauska.lv\/veikals\/wp-json\/wp\/v2\/product"}],"about":[{"href":"https:\/\/lauska.lv\/veikals\/wp-json\/wp\/v2\/types\/product"}],"wp:featuredmedia":[{"embeddable":true,"href":"https:\/\/lauska.lv\/veikals\/wp-json\/wp\/v2\/media\/1467"}],"wp:attachment":[{"href":"https:\/\/lauska.lv\/veikals\/wp-json\/wp\/v2\/media?parent=1497"}],"wp:term":[{"taxonomy":"product_cat","embeddable":true,"href":"https:\/\/lauska.lv\/veikals\/wp-json\/wp\/v2\/product_cat?post=1497"},{"taxonomy":"product_tag","embeddable":true,"href":"https:\/\/lauska.lv\/veikals\/wp-json\/wp\/v2\/product_tag?post=1497"}],"curies":[{"name":"wp","href":"https:\/\/api.w.org\/{rel}","templated":true}]}}