{"id":1493,"date":"2007-04-28T13:32:26","date_gmt":"2007-04-28T10:32:26","guid":{"rendered":"http:\/\/lauska.lv\/veikalsbeta\/?post_type=product&#038;p=1493"},"modified":"2022-07-19T11:43:24","modified_gmt":"2022-07-19T08:43:24","slug":"aulos","status":"publish","type":"product","link":"https:\/\/lauska.lv\/veikals\/Preces\/aulos\/","title":{"rendered":"Au\u013cos"},"content":{"rendered":"<p>Otraj\u0101 d\u016bdu un bungu grupas Au\u013ci album\u0101 grupas dal\u012bbnieki jau pa\u0161i izpau\u017eas ar sav\u0101m kompoz\u012bcij\u0101m, kuras iedvesmoju\u0161i visda\u017e\u0101d\u0101kie notikumi un pat pavisam ikdieni\u0161\u0137as pieredzes, k\u0101 brauk\u0161ana ar liftu, vai c\u012bnoties ar bezmiegu. Ir ar\u012b da\u017eas sp\u0113c\u012bgas tautasdziesmas, piem\u0113ram &#8220;L\u012bgojami&#8221; , kur\u0101 k\u0101 vok\u0101liste ir pieaicin\u0101ta operas soliste Sonora Vaice.<\/p>\n<p>Albuma gabali ir \u0146emti par pamatu deju lieluzvedumam &#8220;No zobena saule l\u0113ca&#8221;, kur\u0161 vair\u0101kus gadus ar lieliem pan\u0101kumiem ticis uzvests da\u017e\u0101d\u0101s viet\u0101s.<\/p>\n","protected":false},"excerpt":{"rendered":"<p><strong>Izpild\u012bt\u0101js<\/strong>\u00a0<a href=\"http:\/\/lauska.lv\/veikals\/makslinieki\/auli\/\">Au\u013ci<\/a><\/p>\n<p><strong>\u017danri<\/strong> <a href=\"http:\/\/lauska.lv\/veikals\/post-folks\/\">Post-folks<\/a><\/p>\n","protected":false},"featured_media":1464,"template":"","meta":{"jetpack_post_was_ever_published":false,"jetpack_publicize_message":"","jetpack_is_tweetstorm":false,"jetpack_publicize_feature_enabled":true,"jetpack_social_post_already_shared":true,"jetpack_social_options":{"image_generator_settings":{"template":"highway","enabled":false}}},"product_cat":[119,101,252,249],"product_tag":[35],"jetpack_publicize_connections":[],"jetpack_sharing_enabled":true,"_links":{"self":[{"href":"https:\/\/lauska.lv\/veikals\/wp-json\/wp\/v2\/product\/1493"}],"collection":[{"href":"https:\/\/lauska.lv\/veikals\/wp-json\/wp\/v2\/product"}],"about":[{"href":"https:\/\/lauska.lv\/veikals\/wp-json\/wp\/v2\/types\/product"}],"wp:featuredmedia":[{"embeddable":true,"href":"https:\/\/lauska.lv\/veikals\/wp-json\/wp\/v2\/media\/1464"}],"wp:attachment":[{"href":"https:\/\/lauska.lv\/veikals\/wp-json\/wp\/v2\/media?parent=1493"}],"wp:term":[{"taxonomy":"product_cat","embeddable":true,"href":"https:\/\/lauska.lv\/veikals\/wp-json\/wp\/v2\/product_cat?post=1493"},{"taxonomy":"product_tag","embeddable":true,"href":"https:\/\/lauska.lv\/veikals\/wp-json\/wp\/v2\/product_tag?post=1493"}],"curies":[{"name":"wp","href":"https:\/\/api.w.org\/{rel}","templated":true}]}}