{"id":1454,"date":"2008-02-28T13:22:26","date_gmt":"2008-02-28T11:22:26","guid":{"rendered":"http:\/\/lauska.lv\/veikalsbeta\/?post_type=product&#038;p=1454"},"modified":"2018-10-04T14:42:25","modified_gmt":"2018-10-04T11:42:25","slug":"tu-esi-dzila","status":"publish","type":"product","link":"https:\/\/lauska.lv\/veikals\/Preces\/tu-esi-dzila\/","title":{"rendered":"Tu esi dzi\u013ca"},"content":{"rendered":"<p>Imanta Dak\u0161a albums ar nosaukumu \u201cTu esi dzi\u013ca\u201d ir int\u012bmu, maigu un pilnasin\u012bgi erotisku dziesmu apkopojums. Latvijas kontekst\u0101 gan dzejas, gan m\u016bzikas sf\u0113r\u0101 tas ir dro\u0161i saucams par jaunin\u0101jumu \u2013 rota\u013c\u012bgi un maigi, tom\u0113r nemaz ne saldi un salkani Imants \u013cauj mums iel\u016bkoties dzi\u013ci int\u012bmaj\u0101. Balstoties galvenok\u0101rt uz balsi un \u0123it\u0101ru, un nedaudz pasp\u0113l\u0113joties ar elpu, atbals\u012bm, \u010dukstiem, Imants ir rad\u012bjis dziesmas, kas ir izteikti melodiskas un gais\u012bgi seksu\u0101lu vibr\u0101ciju pies\u0101tin\u0101tas.<br \/>\nImants par albuma t\u0113mu: \u201cKailums ir br\u012bv\u0101 uztvere. Uguns un v\u0113j\u0161 ir es\u012bbas kailums. Paverot sapr\u0101ta pl\u012bvuru, cilv\u0113ks uztver un ieg\u016bst uguni. Apzinoties sevis pa\u0161a kailumu, cilv\u0113ks iemanto v\u0113ja \u012bpa\u0161\u012bbas. J\u0113dzienisk\u0101 dom\u0101\u0161ana izkrop\u013co un izn\u012bcina br\u012bvo uztveri. Kailums ir v\u0113l smalk\u0101ks str\u0101vojums par domas str\u0101vojumu. Tas ir dz\u012bv\u012bbas un m\u012blest\u012bbas str\u0101vojums. Doma ir k\u0101 biezs ka\u017eoks, kuru, mekl\u0113jot patv\u0113rumu, apvilkusi kail\u0101 dz\u012bv\u012bba. Kailums ir tas, ar ko m\u0113s dom\u0101jam patiesu br\u012bv\u012bbu. Kailums ir domas \u0101trums, anti-gravit\u0101cija un kosmosa erotisk\u0101 vibr\u0101cija v\u012bri\u0161\u0137o un sievi\u0161\u0137o sp\u0113ku atspogu\u013cojum\u0101. Seksu\u0101l\u0101 dzi\u0146a ir absol\u016bt\u0101, neierobe\u017eot\u0101 kailuma stihiska izpausme gara b\u016btnes jeb indiv\u012bda ierobe\u017eot\u0101s uztveres un apzi\u0146as st\u0101vokl\u012b.<\/p>\n","protected":false},"excerpt":{"rendered":"<p><strong>Izpild\u012bt\u0101js<\/strong>\u00a0<a href=\"http:\/\/lauska.lv\/veikals\/daksis-imants\/\">Imants Daksis<\/a><\/p>\n<p><strong>\u017danri <\/strong><a href=\"http:\/\/lauska.lv\/veikals\/dziesminieki-autormuzika\/\">Dziesminieki \/ Autorm\u016bzika<\/a><\/p>\n","protected":false},"featured_media":1403,"template":"","meta":{"jetpack_post_was_ever_published":false,"jetpack_publicize_message":"","jetpack_is_tweetstorm":false,"jetpack_publicize_feature_enabled":true,"jetpack_social_post_already_shared":true,"jetpack_social_options":{"image_generator_settings":{"template":"highway","enabled":false}}},"product_cat":[133,49,101,249],"product_tag":[36],"jetpack_publicize_connections":[],"jetpack_sharing_enabled":true,"_links":{"self":[{"href":"https:\/\/lauska.lv\/veikals\/wp-json\/wp\/v2\/product\/1454"}],"collection":[{"href":"https:\/\/lauska.lv\/veikals\/wp-json\/wp\/v2\/product"}],"about":[{"href":"https:\/\/lauska.lv\/veikals\/wp-json\/wp\/v2\/types\/product"}],"wp:featuredmedia":[{"embeddable":true,"href":"https:\/\/lauska.lv\/veikals\/wp-json\/wp\/v2\/media\/1403"}],"wp:attachment":[{"href":"https:\/\/lauska.lv\/veikals\/wp-json\/wp\/v2\/media?parent=1454"}],"wp:term":[{"taxonomy":"product_cat","embeddable":true,"href":"https:\/\/lauska.lv\/veikals\/wp-json\/wp\/v2\/product_cat?post=1454"},{"taxonomy":"product_tag","embeddable":true,"href":"https:\/\/lauska.lv\/veikals\/wp-json\/wp\/v2\/product_tag?post=1454"}],"curies":[{"name":"wp","href":"https:\/\/api.w.org\/{rel}","templated":true}]}}