{"id":1450,"date":"2008-12-28T13:20:39","date_gmt":"2008-12-28T11:20:39","guid":{"rendered":"http:\/\/lauska.lv\/veikalsbeta\/?post_type=product&#038;p=1450"},"modified":"2018-10-04T14:51:08","modified_gmt":"2018-10-04T11:51:08","slug":"lidojosais-paklajs","status":"publish","type":"product","link":"https:\/\/lauska.lv\/veikals\/Preces\/lidojosais-paklajs\/","title":{"rendered":"Lidojo\u0161ais pakl\u0101js"},"content":{"rendered":"<p>L\u012bdztekus Ievas Akurateres un Ilzes Gruntes ori\u0123in\u0101ldziesm\u0101m disk\u0101 skan ar\u012b latvie\u0161u tautas dziesmu m\u016bsdien\u012bgas apdares. Ievas Akurateres daudzveid\u012bg\u0101 muzic\u0113\u0161anas pieredze un talants savien\u012bb\u0101 ar Zanes \u0160mites dzi\u013co izpratni un ilggad\u0113jo darb\u012bbu etnom\u016bzikas jom\u0101 rada jaunu elpu latvie\u0161u folkloras ma\u0123iski inspir\u0113jo\u0161\u0101 telp\u0101, kas p\u0101rsteidz ar abu dzied\u0101t\u0101ju balsu te saska\u0146u, te pretstatu. Kopum\u0101 \u201eLidojo\u0161ais pakl\u0101js\u201d dro\u0161i min\u0101ms k\u0101 interesants un iedvesmojo\u0161s latvie\u0161u pasaules m\u016bzikas \u017eanra p\u0101rst\u0101vis.<\/p>\n","protected":false},"excerpt":{"rendered":"<p><strong>Izpild\u012bt\u0101js<\/strong> <a href=\"http:\/\/lauska.lv\/veikals\/lidojosais-paklajs\/\">Lidojo\u0161ais pakl\u0101js<\/a><\/p>\n<p><strong>\u017danri<\/strong>\u00a0<a href=\"http:\/\/lauska.lv\/veikals\/post-folks\/\">Post-folks<\/a><\/p>\n","protected":false},"featured_media":1406,"template":"","meta":{"jetpack_post_was_ever_published":false,"jetpack_publicize_message":"","jetpack_is_tweetstorm":false,"jetpack_publicize_feature_enabled":true,"jetpack_social_post_already_shared":true,"jetpack_social_options":{"image_generator_settings":{"template":"highway","enabled":false}}},"product_cat":[101,169,252,249],"product_tag":[36],"jetpack_publicize_connections":[],"jetpack_sharing_enabled":true,"_links":{"self":[{"href":"https:\/\/lauska.lv\/veikals\/wp-json\/wp\/v2\/product\/1450"}],"collection":[{"href":"https:\/\/lauska.lv\/veikals\/wp-json\/wp\/v2\/product"}],"about":[{"href":"https:\/\/lauska.lv\/veikals\/wp-json\/wp\/v2\/types\/product"}],"wp:featuredmedia":[{"embeddable":true,"href":"https:\/\/lauska.lv\/veikals\/wp-json\/wp\/v2\/media\/1406"}],"wp:attachment":[{"href":"https:\/\/lauska.lv\/veikals\/wp-json\/wp\/v2\/media?parent=1450"}],"wp:term":[{"taxonomy":"product_cat","embeddable":true,"href":"https:\/\/lauska.lv\/veikals\/wp-json\/wp\/v2\/product_cat?post=1450"},{"taxonomy":"product_tag","embeddable":true,"href":"https:\/\/lauska.lv\/veikals\/wp-json\/wp\/v2\/product_tag?post=1450"}],"curies":[{"name":"wp","href":"https:\/\/api.w.org\/{rel}","templated":true}]}}