{"id":1446,"date":"2008-01-28T13:18:26","date_gmt":"2008-01-28T11:18:26","guid":{"rendered":"http:\/\/lauska.lv\/veikalsbeta\/?post_type=product&#038;p=1446"},"modified":"2018-10-04T14:40:55","modified_gmt":"2018-10-04T11:40:55","slug":"pilnu-puru-pielociju","status":"publish","type":"product","link":"https:\/\/lauska.lv\/veikals\/Preces\/pilnu-puru-pielociju\/","title":{"rendered":"Pilnu p\u016bru pieloc\u012bju"},"content":{"rendered":"<p>Album\u0101 ir iek\u013cauts neliels ieskats ansamb\u013ca pla\u0161aj\u0101 dan\u010du un dziesmu repertu\u0101r\u0101, no kura da\u013ca Latvij\u0101 nemaz nav tik paz\u012bstama. Dziesmas ir \u0146emtas no da\u017e\u0101diem folkloras materi\u0101liem un kr\u0101jumiem &#8211; t\u0101s aptver visus Latvijas re\u0123ionus. Dziesmu temps un skan\u0113jums bie\u017ei vien at\u0161\u0137iras no Latvijas folkloras kop\u0101s ierast\u0101 atska\u0146o\u0161anas veida, kas piedod v\u0113l vienu \u012bpatn\u0113ju nokr\u0101su latvie\u0161u folkloras videi.<\/p>\n","protected":false},"excerpt":{"rendered":"<p><strong>Izpild\u012bt\u0101js<\/strong>\u00a0<a href=\"http:\/\/lauska.lv\/veikals\/dudalnieki\/\">D\u016bdalnieki<\/a><\/p>\n<p><strong>\u017danri<\/strong>\u00a0<a href=\"http:\/\/lauska.lv\/veikals\/folklora\/\">Folklora<\/a><\/p>\n","protected":false},"featured_media":1409,"template":"","meta":{"jetpack_post_was_ever_published":false,"jetpack_publicize_message":"","jetpack_is_tweetstorm":false,"jetpack_publicize_feature_enabled":true,"jetpack_social_post_already_shared":true,"jetpack_social_options":{"image_generator_settings":{"template":"highway","enabled":false}}},"product_cat":[137,250,101,249],"product_tag":[36],"jetpack_publicize_connections":[],"jetpack_sharing_enabled":true,"_links":{"self":[{"href":"https:\/\/lauska.lv\/veikals\/wp-json\/wp\/v2\/product\/1446"}],"collection":[{"href":"https:\/\/lauska.lv\/veikals\/wp-json\/wp\/v2\/product"}],"about":[{"href":"https:\/\/lauska.lv\/veikals\/wp-json\/wp\/v2\/types\/product"}],"wp:featuredmedia":[{"embeddable":true,"href":"https:\/\/lauska.lv\/veikals\/wp-json\/wp\/v2\/media\/1409"}],"wp:attachment":[{"href":"https:\/\/lauska.lv\/veikals\/wp-json\/wp\/v2\/media?parent=1446"}],"wp:term":[{"taxonomy":"product_cat","embeddable":true,"href":"https:\/\/lauska.lv\/veikals\/wp-json\/wp\/v2\/product_cat?post=1446"},{"taxonomy":"product_tag","embeddable":true,"href":"https:\/\/lauska.lv\/veikals\/wp-json\/wp\/v2\/product_tag?post=1446"}],"curies":[{"name":"wp","href":"https:\/\/api.w.org\/{rel}","templated":true}]}}