{"id":1439,"date":"2008-08-28T13:12:55","date_gmt":"2008-08-28T10:12:55","guid":{"rendered":"http:\/\/lauska.lv\/veikalsbeta\/?post_type=product&#038;p=1439"},"modified":"2018-10-04T14:45:31","modified_gmt":"2018-10-04T11:45:31","slug":"lini","status":"publish","type":"product","link":"https:\/\/lauska.lv\/veikals\/Preces\/lini\/","title":{"rendered":"LINI"},"content":{"rendered":"<p>Grupas LINI 1996.gad\u0101 ierakst\u012bt\u0101 audiokasete p\u0101rizdota kompaktdisk\u0101. LINI dzied un sp\u0113l\u0113 latvie\u0161u tautasdziesmas pa\u0161u aran\u017e\u0113jumos, reiz\u0113m izmantojot ar\u012b citu tautu melodijas. Grupas dal\u012bbnieces dz\u012bvo gan Amerik\u0101, gan Latvij\u0101, t\u0101d\u0113\u013c visas kop\u0101 san\u0101k reti.<\/p>\n","protected":false},"excerpt":{"rendered":"<p><strong>Izpild\u012bt\u0101js<\/strong>\u00a0<a href=\"http:\/\/lauska.lv\/veikals\/lini\/\">Lini<\/a><\/p>\n<p><strong>\u017danri<\/strong>\u00a0<a href=\"http:\/\/lauska.lv\/veikals\/post-folks\/\">Post-folks<\/a><\/p>\n","protected":false},"featured_media":1412,"template":"","meta":{"jetpack_post_was_ever_published":false,"jetpack_publicize_message":"","jetpack_is_tweetstorm":false,"jetpack_publicize_feature_enabled":true,"jetpack_social_post_already_shared":true,"jetpack_social_options":{"image_generator_settings":{"template":"highway","enabled":false}}},"product_cat":[101,171,252,249],"product_tag":[36],"jetpack_publicize_connections":[],"jetpack_sharing_enabled":true,"_links":{"self":[{"href":"https:\/\/lauska.lv\/veikals\/wp-json\/wp\/v2\/product\/1439"}],"collection":[{"href":"https:\/\/lauska.lv\/veikals\/wp-json\/wp\/v2\/product"}],"about":[{"href":"https:\/\/lauska.lv\/veikals\/wp-json\/wp\/v2\/types\/product"}],"wp:featuredmedia":[{"embeddable":true,"href":"https:\/\/lauska.lv\/veikals\/wp-json\/wp\/v2\/media\/1412"}],"wp:attachment":[{"href":"https:\/\/lauska.lv\/veikals\/wp-json\/wp\/v2\/media?parent=1439"}],"wp:term":[{"taxonomy":"product_cat","embeddable":true,"href":"https:\/\/lauska.lv\/veikals\/wp-json\/wp\/v2\/product_cat?post=1439"},{"taxonomy":"product_tag","embeddable":true,"href":"https:\/\/lauska.lv\/veikals\/wp-json\/wp\/v2\/product_tag?post=1439"}],"curies":[{"name":"wp","href":"https:\/\/api.w.org\/{rel}","templated":true}]}}