{"id":1437,"date":"2008-09-28T13:10:19","date_gmt":"2008-09-28T10:10:19","guid":{"rendered":"http:\/\/lauska.lv\/veikalsbeta\/?post_type=product&#038;p=1437"},"modified":"2018-10-04T14:48:33","modified_gmt":"2018-10-04T11:48:33","slug":"ko-kundzini","status":"publish","type":"product","link":"https:\/\/lauska.lv\/veikals\/Preces\/ko-kundzini\/","title":{"rendered":"Ko kundzi\u0146i"},"content":{"rendered":"<p>&#8220;Vilka\u010du&#8221; pirmaj\u0101 abum\u0101 ir iek\u013cautas gan senas kara dziesmas, gan ar\u012b dziesmas no cit\u0101m dz\u012bves noris\u0113m, tostarp krustab\u0101m, prec\u012bb\u0101m u.c. Vis\u0101m kop\u012bgs ir jaunekl\u012bgs dz\u012bves prieks un aizraut\u012bba. K\u0101 \u012bpa\u0161s bonuss ir pievienots ar\u012b videoklips dziesmai \u201eKo kundzi\u0146i\u201d.<\/p>\n","protected":false},"excerpt":{"rendered":"<p><strong>Izpild\u012bt\u0101js<\/strong> <a href=\"http:\/\/lauska.lv\/veikals\/vilkaci\/\">Vilka\u010di<\/a><\/p>\n<p><strong>\u017danri <\/strong><a href=\"http:\/\/lauska.lv\/veikals\/folklora\/\">Folklora<\/a>, <a href=\"http:\/\/lauska.lv\/veikals\/post-folks\/\">Post-folks<\/a><\/p>\n","protected":false},"featured_media":1415,"template":"","meta":{"jetpack_post_was_ever_published":false,"jetpack_publicize_message":"","jetpack_is_tweetstorm":false,"jetpack_publicize_feature_enabled":true,"jetpack_social_post_already_shared":true,"jetpack_social_options":{"image_generator_settings":{"template":"highway","enabled":false}}},"product_cat":[250,101,252,240,249],"product_tag":[36],"jetpack_publicize_connections":[],"jetpack_sharing_enabled":true,"_links":{"self":[{"href":"https:\/\/lauska.lv\/veikals\/wp-json\/wp\/v2\/product\/1437"}],"collection":[{"href":"https:\/\/lauska.lv\/veikals\/wp-json\/wp\/v2\/product"}],"about":[{"href":"https:\/\/lauska.lv\/veikals\/wp-json\/wp\/v2\/types\/product"}],"wp:featuredmedia":[{"embeddable":true,"href":"https:\/\/lauska.lv\/veikals\/wp-json\/wp\/v2\/media\/1415"}],"wp:attachment":[{"href":"https:\/\/lauska.lv\/veikals\/wp-json\/wp\/v2\/media?parent=1437"}],"wp:term":[{"taxonomy":"product_cat","embeddable":true,"href":"https:\/\/lauska.lv\/veikals\/wp-json\/wp\/v2\/product_cat?post=1437"},{"taxonomy":"product_tag","embeddable":true,"href":"https:\/\/lauska.lv\/veikals\/wp-json\/wp\/v2\/product_tag?post=1437"}],"curies":[{"name":"wp","href":"https:\/\/api.w.org\/{rel}","templated":true}]}}