{"id":1432,"date":"2008-08-28T13:07:59","date_gmt":"2008-08-28T10:07:59","guid":{"rendered":"http:\/\/lauska.lv\/veikalsbeta\/?post_type=product&#038;p=1432"},"modified":"2018-10-04T14:43:57","modified_gmt":"2018-10-04T11:43:57","slug":"vairas-dziesmas","status":"publish","type":"product","link":"https:\/\/lauska.lv\/veikals\/Preces\/vairas-dziesmas\/","title":{"rendered":"Vairas dziesmas"},"content":{"rendered":"<p>Tautas dziesmu kr\u0101jum\u0101 &#8220;Vairas dziesmas&#8221; no savas person\u012bg\u0101s dziesmu v\u0101celes ir atlas\u012bjusi un koment\u0113jusi bijus\u012b Valsts prezidente un folkloras p\u0113tniece Vaira V\u012b\u0137e-Freiberga.<\/p>\n<p>Dziesmas aran\u017e\u0113jis Valdis Muktup\u0101vels, ierakst\u0101 piedal\u012bj\u0101s Vaira V\u012b\u0137e-Freiberga, Valdis un R\u016bta Muktup\u0101veli, Gatis Gaujenieks, Zane \u0160mite, Imants un K\u0101rlis Freibergi, Aiva Rozenberga un citi pieaicin\u0101ti m\u0101kslinieki.<\/p>\n<p>&#8220;Katram cilv\u0113kam ir savas m\u012b\u013c\u0101k\u0101s dziesmas, kuras ir dzied\u0101tas b\u0113rn\u012bb\u0101, dzird\u0113tas k\u0101d\u0101 \u012bpa\u0161\u0101 dz\u012bves notikum\u0101 vai rad\u012bju\u0161as neaizmirstamu noska\u0146u un t\u0101p\u0113c ies\u0113du\u0161\u0101s sird\u012b uz m\u016b\u017eu. Ir dziesmas, ko visi paz\u012bst, kas dziedamas kop\u0101 draugu pulk\u0101, bet ir ar\u012b t\u0101das, ko m\u0113dzam uzdzied\u0101t vienatn\u0113, kad neviens cits neklaus\u0101s, sev pa\u0161iem par prieku. Sen\u0101k \u013caudis pavisam apzin\u0101ti tina katrs savu dziesmu kamoli\u0146u. Man \u0161\u0137iet, t\u0101ds dziesmu kamoli\u0146\u0161 noder\u0113tu katram. L\u012bdz ar ierakstu m\u016bzikas disk\u0101 \u0161\u012bs dziesmas ir k\u013cuvu\u0161as pieejamas un viegli uztveramas ar\u012b pla\u0161\u0101kai sabiedr\u012bbai, un varb\u016bt k\u0101da no t\u0101m ies\u0113d\u012bsies v\u0113l k\u0101d\u0101 sird\u012b,&#8221; par dziesmu kr\u0101jumu st\u0101sta Vaira V\u012b\u0137e-Freiberga.<\/p>\n","protected":false},"excerpt":{"rendered":"<p><strong>Izpild\u012bt\u0101js<\/strong>\u00a0<a href=\"http:\/\/lauska.lv\/veikals\/vike-freiberga-vaira\/\">Vaira V\u012b\u0137e-Freiberga<\/a><\/p>\n<p><strong>\u017danri\u00a0<\/strong><a href=\"http:\/\/lauska.lv\/veikals\/folklora\/\">Folklora<\/a>, <a href=\"http:\/\/lauska.lv\/veikals\/post-folks\/\">Post-folks<\/a><\/p>\n","protected":false},"featured_media":1418,"template":"","meta":{"jetpack_post_was_ever_published":false,"jetpack_publicize_message":"","jetpack_is_tweetstorm":false,"jetpack_publicize_feature_enabled":true,"jetpack_social_post_already_shared":true,"jetpack_social_options":{"image_generator_settings":{"template":"highway","enabled":false}}},"product_cat":[250,101,252,238,249],"product_tag":[36],"jetpack_publicize_connections":[],"jetpack_sharing_enabled":true,"_links":{"self":[{"href":"https:\/\/lauska.lv\/veikals\/wp-json\/wp\/v2\/product\/1432"}],"collection":[{"href":"https:\/\/lauska.lv\/veikals\/wp-json\/wp\/v2\/product"}],"about":[{"href":"https:\/\/lauska.lv\/veikals\/wp-json\/wp\/v2\/types\/product"}],"wp:featuredmedia":[{"embeddable":true,"href":"https:\/\/lauska.lv\/veikals\/wp-json\/wp\/v2\/media\/1418"}],"wp:attachment":[{"href":"https:\/\/lauska.lv\/veikals\/wp-json\/wp\/v2\/media?parent=1432"}],"wp:term":[{"taxonomy":"product_cat","embeddable":true,"href":"https:\/\/lauska.lv\/veikals\/wp-json\/wp\/v2\/product_cat?post=1432"},{"taxonomy":"product_tag","embeddable":true,"href":"https:\/\/lauska.lv\/veikals\/wp-json\/wp\/v2\/product_tag?post=1432"}],"curies":[{"name":"wp","href":"https:\/\/api.w.org\/{rel}","templated":true}]}}