{"id":1430,"date":"2008-01-28T13:05:28","date_gmt":"2008-01-28T11:05:28","guid":{"rendered":"http:\/\/lauska.lv\/veikalsbeta\/?post_type=product&#038;p=1430"},"modified":"2018-10-04T14:39:04","modified_gmt":"2018-10-04T11:39:04","slug":"ilza","status":"publish","type":"product","link":"https:\/\/lauska.lv\/veikals\/Preces\/ilza\/","title":{"rendered":"Il\u017ea"},"content":{"rendered":"<p>Folkloras kopa Il\u017ea no Ludzas rajona Ciblas apzina un kopj sava novada dziesmas un dan\u010dus, dziedot latgaliski un sp\u0113l\u0113jot tradicion\u0101los m\u016bzikas instrumentus. \u0160is ir pirmais Il\u017eas albums ar daudz\u0101m zin\u0101m\u0101m un ne tik zin\u0101m\u0101m dziesm\u0101m.<\/p>\n","protected":false},"excerpt":{"rendered":"<p><strong>Izpild\u012bt\u0101js<\/strong>\u00a0<a href=\"http:\/\/lauska.lv\/veikals\/ilza\/\">Il\u017ea<\/a><\/p>\n<p><strong>Genre <\/strong><a href=\"http:\/\/lauska.lv\/veikals\/folklora\/\">Folklora<\/a><\/p>\n","protected":false},"featured_media":1421,"template":"","meta":{"jetpack_post_was_ever_published":false,"jetpack_publicize_message":"","jetpack_is_tweetstorm":false,"jetpack_publicize_feature_enabled":true,"jetpack_social_post_already_shared":true,"jetpack_social_options":{"image_generator_settings":{"template":"highway","enabled":false}}},"product_cat":[250,151,101,249],"product_tag":[36],"jetpack_publicize_connections":[],"jetpack_sharing_enabled":true,"_links":{"self":[{"href":"https:\/\/lauska.lv\/veikals\/wp-json\/wp\/v2\/product\/1430"}],"collection":[{"href":"https:\/\/lauska.lv\/veikals\/wp-json\/wp\/v2\/product"}],"about":[{"href":"https:\/\/lauska.lv\/veikals\/wp-json\/wp\/v2\/types\/product"}],"wp:featuredmedia":[{"embeddable":true,"href":"https:\/\/lauska.lv\/veikals\/wp-json\/wp\/v2\/media\/1421"}],"wp:attachment":[{"href":"https:\/\/lauska.lv\/veikals\/wp-json\/wp\/v2\/media?parent=1430"}],"wp:term":[{"taxonomy":"product_cat","embeddable":true,"href":"https:\/\/lauska.lv\/veikals\/wp-json\/wp\/v2\/product_cat?post=1430"},{"taxonomy":"product_tag","embeddable":true,"href":"https:\/\/lauska.lv\/veikals\/wp-json\/wp\/v2\/product_tag?post=1430"}],"curies":[{"name":"wp","href":"https:\/\/api.w.org\/{rel}","templated":true}]}}