{"id":1398,"date":"2008-10-28T13:02:02","date_gmt":"2008-10-28T11:02:02","guid":{"rendered":"http:\/\/lauska.lv\/veikalsbeta\/?post_type=product&#038;p=1398"},"modified":"2018-10-04T14:49:48","modified_gmt":"2018-10-04T11:49:48","slug":"tautas-muzikants-alberts-mednis-trisrindu-ermonikas","status":"publish","type":"product","link":"https:\/\/lauska.lv\/veikals\/Preces\/tautas-muzikants-alberts-mednis-trisrindu-ermonikas\/","title":{"rendered":"Tautas muzikants Alberts Mednis \u2013 Tr\u012bsrindu ermo\u0146ikas"},"content":{"rendered":"<p>&#8220;Alberts Mednis dro\u0161i vien ir p\u0113d\u0113jais tautas muzikants Latvij\u0101, kur\u0161 ne vien ir apguvis \u0161o instrumentu l\u012bdz piln\u012bbai, bet kur\u0161 ar\u012b joproj\u0101m akt\u012bvi muzic\u0113. Vair\u0101kos simtos ir skait\u0101mas Alberta nosp\u0113l\u0113to k\u0101zu skaits, ta\u010du \u0161is skaits arvien v\u0113l papildin\u0101s,&#8221; atz\u012bst \u0161\u012b ieraksta iniciators un tautas teic\u0113ju materi\u0101lu v\u0101c\u0113js Ilm\u0101rs Me\u017es.<\/p>\n<p>Ierakst\u012btas ir gan sen\u0101kas melodijas, kas bija popul\u0101ras pirms kara un v\u0113l agr\u0101k, gan ar\u012b t\u0101das, kuras v\u0113l aizvien var dzird\u0113t latvie\u0161u tradicion\u0101laj\u0101s k\u0101z\u0101s un cit\u0101s svin\u012bb\u0101s.<\/p>\n<p>\u0160aj\u0101 ierakst\u0101 Alberta ermo\u0146ikas ar c\u012btaru un bubinu pavada vi\u0146a mazmeitas Liene un Ance. Kompaktdiska buklet\u0101 ir neliels apskats par tr\u012bsrindu ermo\u0146iku sp\u0113l\u0113\u0161anas trad\u012bcij\u0101m Latvij\u0101 latvie\u0161u, ang\u013cu un krievu valod\u0101s, Alberta Med\u0146a dz\u012bves g\u0101jums, k\u0101 ar\u012b Alberta koment\u0101ri par ierakst\u012btaj\u0101m melodij\u0101m.<\/p>\n","protected":false},"excerpt":{"rendered":"<p><strong>Izpild\u012bt\u0101js\u00a0<\/strong><a href=\"http:\/\/lauska.lv\/veikals\/mednis-alberts\/\">Mednis Alberts<\/a><\/p>\n<p><strong>\u017danri<\/strong>\u00a0<a href=\"http:\/\/lauska.lv\/veikals\/folklora\/\">Folklora<\/a><\/p>\n","protected":false},"featured_media":1424,"template":"","meta":{"jetpack_post_was_ever_published":false,"jetpack_publicize_message":"","jetpack_is_tweetstorm":false,"jetpack_publicize_feature_enabled":true,"jetpack_social_post_already_shared":true,"jetpack_social_options":{"image_generator_settings":{"template":"highway","enabled":false}}},"product_cat":[250,176,249],"product_tag":[36],"jetpack_publicize_connections":[],"jetpack_sharing_enabled":true,"_links":{"self":[{"href":"https:\/\/lauska.lv\/veikals\/wp-json\/wp\/v2\/product\/1398"}],"collection":[{"href":"https:\/\/lauska.lv\/veikals\/wp-json\/wp\/v2\/product"}],"about":[{"href":"https:\/\/lauska.lv\/veikals\/wp-json\/wp\/v2\/types\/product"}],"wp:featuredmedia":[{"embeddable":true,"href":"https:\/\/lauska.lv\/veikals\/wp-json\/wp\/v2\/media\/1424"}],"wp:attachment":[{"href":"https:\/\/lauska.lv\/veikals\/wp-json\/wp\/v2\/media?parent=1398"}],"wp:term":[{"taxonomy":"product_cat","embeddable":true,"href":"https:\/\/lauska.lv\/veikals\/wp-json\/wp\/v2\/product_cat?post=1398"},{"taxonomy":"product_tag","embeddable":true,"href":"https:\/\/lauska.lv\/veikals\/wp-json\/wp\/v2\/product_tag?post=1398"}],"curies":[{"name":"wp","href":"https:\/\/api.w.org\/{rel}","templated":true}]}}