{"id":1397,"date":"2009-03-28T12:58:58","date_gmt":"2009-03-28T10:58:58","guid":{"rendered":"http:\/\/lauska.lv\/veikalsbeta\/?post_type=product&#038;p=1397"},"modified":"2018-10-04T21:01:35","modified_gmt":"2018-10-04T18:01:35","slug":"te-man-tika","status":"publish","type":"product","link":"https:\/\/lauska.lv\/veikals\/Preces\/te-man-tika\/","title":{"rendered":"Te man tika"},"content":{"rendered":"<p>Album\u0101 \u201eTe man tika\u201d katrs grupas dal\u012bbnieks ir izv\u0113l\u0113jies savu pavasar\u012bgo tautasdziesmu un aicina priec\u0101ties par pavasara atn\u0101k\u0161anu \u2013 aizdz\u012bt ledu un apdzied\u0101t saul\u012bti, za\u013cojo\u0161os b\u0113rzus un ozolus, dz\u012bt s\u012bkus un lielus putnus, j\u0101t piegu\u013c\u0101 un galu gal\u0101 \u2013 gavil\u0113t!<br \/>\nIerakst\u0101 piedal\u012bj\u0101s ar\u012b d\u016bdu un bungu grupa <a href=\"http:\/\/lauska.lv\/veikals\/izpilditaji\/auli\/\">Au\u013ci<\/a>\u00a0un rokm\u016bzi\u0137is &#8211; liep\u0101jnieks Aivars Br\u012bze.<\/p>\n","protected":false},"excerpt":{"rendered":"<p><strong>Izpild\u012bt\u0101js<\/strong>\u00a0<a href=\"http:\/\/lauska.lv\/veikals\/balki\/\">Ba\u013c\u0137i<\/a><\/p>\n<p><strong>\u017danri\u00a0<\/strong><a href=\"http:\/\/lauska.lv\/veikals\/post-folks\/\">Post-folks<\/a><\/p>\n","protected":false},"featured_media":1358,"template":"","meta":{"jetpack_post_was_ever_published":false,"jetpack_publicize_message":"","jetpack_is_tweetstorm":false,"jetpack_publicize_feature_enabled":true,"jetpack_social_post_already_shared":true,"jetpack_social_options":{"image_generator_settings":{"template":"highway","enabled":false}}},"product_cat":[124,101,252,249],"product_tag":[37],"jetpack_publicize_connections":[],"jetpack_sharing_enabled":true,"_links":{"self":[{"href":"https:\/\/lauska.lv\/veikals\/wp-json\/wp\/v2\/product\/1397"}],"collection":[{"href":"https:\/\/lauska.lv\/veikals\/wp-json\/wp\/v2\/product"}],"about":[{"href":"https:\/\/lauska.lv\/veikals\/wp-json\/wp\/v2\/types\/product"}],"wp:featuredmedia":[{"embeddable":true,"href":"https:\/\/lauska.lv\/veikals\/wp-json\/wp\/v2\/media\/1358"}],"wp:attachment":[{"href":"https:\/\/lauska.lv\/veikals\/wp-json\/wp\/v2\/media?parent=1397"}],"wp:term":[{"taxonomy":"product_cat","embeddable":true,"href":"https:\/\/lauska.lv\/veikals\/wp-json\/wp\/v2\/product_cat?post=1397"},{"taxonomy":"product_tag","embeddable":true,"href":"https:\/\/lauska.lv\/veikals\/wp-json\/wp\/v2\/product_tag?post=1397"}],"curies":[{"name":"wp","href":"https:\/\/api.w.org\/{rel}","templated":true}]}}