{"id":1392,"date":"2009-01-28T12:56:45","date_gmt":"2009-01-28T10:56:45","guid":{"rendered":"http:\/\/lauska.lv\/veikalsbeta\/?post_type=product&#038;p=1392"},"modified":"2018-10-04T21:00:03","modified_gmt":"2018-10-04T18:00:03","slug":"trejasmens","status":"publish","type":"product","link":"https:\/\/lauska.lv\/veikals\/Preces\/trejasmens\/","title":{"rendered":"Trejasmens"},"content":{"rendered":"<p>Kompaktdisk\u0101 ir iek\u013cauts &#8220;Trejasmens&#8221; muzik\u0101lais repertu\u0101rs, tautasdziesmas latvie\u0161u un l\u012bvu valod\u0101s, k\u0101 ar\u012b pa\u0161u apdares un ar\u012b piln\u012bgi pa\u0161u sacer\u0113tas dziesmas.<\/p>\n<p>Tematiski ir iek\u013cautas gadsk\u0101rtu dziesmas par Meteni, Miesmeti, J\u0101\u0146iem, k\u0101 ar\u012b karav\u012bru dziesmas un mitolo\u0123iskas dziesmas. Ierakst\u0101 ir piedal\u012bju\u0161ies kopas draugi no cit\u0101m folkloras kop\u0101m un klubiem &#8211; &#8220;P\u0113rkon\u012btis&#8221;, &#8220;<a href=\"http:\/\/lauska.lv\/veikals\/izpilditaji\/skandinieki\/\">Skandinieki<\/a>&#8220;, &#8220;<a href=\"http:\/\/lauska.lv\/veikals\/izpilditaji\/vilki\/\">Vilki<\/a>&#8220;, &#8220;<a href=\"http:\/\/lauska.lv\/veikals\/izpilditaji\/vilkaci\/\">Vilka\u010di<\/a>&#8221; un &#8220;Livonie\u0161i&#8221;. K\u0101 ierasts, \u012bpa\u0161i skan\u012bgs ir Julg\u012b Staltes pienesums, tom\u0113r \u0161aj\u0101 ierakst\u0101 p\u0101rsvar\u0101 ir dzirdamas bra\u0161as pui\u0161u balsis, kas ir atsvaidzino\u0161s moments latvie\u0161u folkloras jom\u0101, kur\u0101 v\u0113l joproj\u0101m domin\u0113 sievie\u0161u dzied\u0101jumi.<\/p>\n","protected":false},"excerpt":{"rendered":"<p><strong>Izpild\u012bt\u0101js<\/strong>\u00a0<a href=\"http:\/\/lauska.lv\/veikals\/trejasmens\/\">Trejasmens<\/a><\/p>\n<p><strong>\u017danri<\/strong>\u00a0<a href=\"http:\/\/lauska.lv\/veikals\/post-folks\/\">Post-folks<\/a>, <a href=\"http:\/\/lauska.lv\/veikals\/folklora\/\">Folkl<\/a>o<a href=\"http:\/\/lauska.lv\/veikals\/folklora\/\">ra<\/a><\/p>\n","protected":false},"featured_media":1361,"template":"","meta":{"jetpack_post_was_ever_published":false,"jetpack_publicize_message":"","jetpack_is_tweetstorm":false,"jetpack_publicize_feature_enabled":true,"jetpack_social_post_already_shared":true,"jetpack_social_options":{"image_generator_settings":{"template":"highway","enabled":false}}},"product_cat":[250,101,252,230,249],"product_tag":[37],"jetpack_publicize_connections":[],"jetpack_sharing_enabled":true,"_links":{"self":[{"href":"https:\/\/lauska.lv\/veikals\/wp-json\/wp\/v2\/product\/1392"}],"collection":[{"href":"https:\/\/lauska.lv\/veikals\/wp-json\/wp\/v2\/product"}],"about":[{"href":"https:\/\/lauska.lv\/veikals\/wp-json\/wp\/v2\/types\/product"}],"wp:featuredmedia":[{"embeddable":true,"href":"https:\/\/lauska.lv\/veikals\/wp-json\/wp\/v2\/media\/1361"}],"wp:attachment":[{"href":"https:\/\/lauska.lv\/veikals\/wp-json\/wp\/v2\/media?parent=1392"}],"wp:term":[{"taxonomy":"product_cat","embeddable":true,"href":"https:\/\/lauska.lv\/veikals\/wp-json\/wp\/v2\/product_cat?post=1392"},{"taxonomy":"product_tag","embeddable":true,"href":"https:\/\/lauska.lv\/veikals\/wp-json\/wp\/v2\/product_tag?post=1392"}],"curies":[{"name":"wp","href":"https:\/\/api.w.org\/{rel}","templated":true}]}}