{"id":1375,"date":"2009-08-28T12:43:08","date_gmt":"2009-08-28T09:43:08","guid":{"rendered":"http:\/\/lauska.lv\/veikalsbeta\/?post_type=product&#038;p=1375"},"modified":"2018-10-04T21:05:13","modified_gmt":"2018-10-04T18:05:13","slug":"cels","status":"publish","type":"product","link":"https:\/\/lauska.lv\/veikals\/Preces\/cels\/","title":{"rendered":"Ce\u013c\u0161"},"content":{"rendered":"<p>Disk\u0101 skan Astr\u012bdes Ivaskas dzeja pa\u0161as las\u012bjum\u0101. Muzik\u0101lo pavad\u012bjumu veidojusi kokl\u0113t\u0101ja <a href=\"https:\/\/lauska.lv\/veikals\/makslinieki-2\/jansone-laima\/\" target=\"_blank\" rel=\"noopener\">Laima Jansone<\/a>. Dzejniece Astr\u012bde Ivaska (dzim. 1926.gad\u0101) pieder pie pirm\u0101s paaudzes trimdas latvie\u0161iem. Vi\u0146a dzimusi un m\u0101c\u012bjusies Latvij\u0101, Otr\u0101 pasaules kara laik\u0101 devusies b\u0113g\u013cu gait\u0101s uz V\u0101ciju, lielu dz\u012bves da\u013cu pavad\u012bjusi ASV, desmit gadus dz\u012bvojusi \u012arij\u0101, bet kop\u0161 2001.gada atgriezusies Latvij\u0101. Dzejas disk\u0101 \u201ece\u013c\u0161\u201d ietvertie Astr\u012bdes Ivaskas dzejo\u013ci atspogu\u013co dzejnieces dz\u012bves ce\u013cu, kas vedis vi\u0146u da\u017e\u0101d\u0101s pasaules mal\u0101s. Projekta vad\u012bt\u0101ja filolo\u0123ijas doktore Anita Ro\u017ekalne par Astr\u012bdes Ivaskas dzeju saka: \u201eSav\u0101 latviskaj\u0101 pasaul\u0113 vi\u0146a ielai\u017e pasaules v\u0113jus \u2013 kalnu un j\u016bras spirgtumu, koku un pu\u0137u smar\u017eu, \u016bde\u0146u virmojumu saul\u0113 un dienvidzemju sakars\u0113t\u0101 gaisa str\u0101vas. Somija, Amerika, Sp\u0101nija, Grie\u0137ija, It\u0101lija, Austrija, \u012arija \u2013 \u0161o zemju daba, kult\u016bra un cilv\u0113ki visbie\u017e\u0101k pav\u012bd Astr\u012bdes dzej\u0101.\u201d<\/p>\n","protected":false},"excerpt":{"rendered":"<p><strong>Autore\u00a0<\/strong><a href=\"http:\/\/lauska.lv\/veikals\/ivaska-astride\/\" target=\"_blank\" rel=\"noopener\">Astr\u012bde Ivaska<\/a><\/p>\n<p><strong>\u017danri<\/strong>\u00a0<a href=\"http:\/\/lauska.lv\/veikals\/literari-diski-un-gramatas\/\">Liter\u0101ri diski\u00a0un gr\u0101matas<\/a><\/p>\n","protected":false},"featured_media":1364,"template":"","meta":{"jetpack_post_was_ever_published":false,"jetpack_publicize_message":"","jetpack_is_tweetstorm":false,"jetpack_publicize_feature_enabled":true,"jetpack_social_post_already_shared":true,"jetpack_social_options":{"image_generator_settings":{"template":"highway","enabled":false}}},"product_cat":[154,101,251,249],"product_tag":[37],"jetpack_publicize_connections":[],"jetpack_sharing_enabled":true,"_links":{"self":[{"href":"https:\/\/lauska.lv\/veikals\/wp-json\/wp\/v2\/product\/1375"}],"collection":[{"href":"https:\/\/lauska.lv\/veikals\/wp-json\/wp\/v2\/product"}],"about":[{"href":"https:\/\/lauska.lv\/veikals\/wp-json\/wp\/v2\/types\/product"}],"wp:featuredmedia":[{"embeddable":true,"href":"https:\/\/lauska.lv\/veikals\/wp-json\/wp\/v2\/media\/1364"}],"wp:attachment":[{"href":"https:\/\/lauska.lv\/veikals\/wp-json\/wp\/v2\/media?parent=1375"}],"wp:term":[{"taxonomy":"product_cat","embeddable":true,"href":"https:\/\/lauska.lv\/veikals\/wp-json\/wp\/v2\/product_cat?post=1375"},{"taxonomy":"product_tag","embeddable":true,"href":"https:\/\/lauska.lv\/veikals\/wp-json\/wp\/v2\/product_tag?post=1375"}],"curies":[{"name":"wp","href":"https:\/\/api.w.org\/{rel}","templated":true}]}}