{"id":1354,"date":"2009-08-28T12:37:04","date_gmt":"2009-08-28T09:37:04","guid":{"rendered":"http:\/\/lauska.lv\/veikalsbeta\/?post_type=product&#038;p=1354"},"modified":"2024-12-06T11:04:13","modified_gmt":"2024-12-06T09:04:13","slug":"elpo-berns","status":"publish","type":"product","link":"https:\/\/lauska.lv\/veikals\/Preces\/elpo-berns\/","title":{"rendered":"Elpo, b\u0113rns!"},"content":{"rendered":"<p>Albums pla\u0161\u0101ku sabiedr\u012bbas uzman\u012bbu izrais\u012bja 2005. gada s\u0101kum\u0101, kad tika nomin\u0113ts Latvijas ierakstu m\u016bzikas Gada balvai k\u0101 lab\u0101kais m\u016bsdienu tautas m\u016bzikas ieraksts. Tagad tas p\u0101rrakst\u012bts, pa\u0161a autora v\u0101rdiem run\u0101jot, ieguvis &#8220;piln\u012bgu izteiksmi\u2019&#8221; un saucams par gatavu muzik\u0101lu darbu ar gr\u0101matas iez\u012bm\u0113m.<\/p>\n<p>Jaunaj\u0101 album\u0101 l\u012bdz\u0101s dziesm\u0101m klaus\u0101mi ar\u012b dzejo\u013ci un minipasaci\u0146as, kas atkl\u0101j Imanta Dak\u0161a m\u016bzikas liter\u0101ro izcelsmi. K\u0101 papildus v\u0113rt\u012bba izn\u0101ku\u0161aj\u0101 disk\u0101 iek\u013cauts 2004. gada novembr\u012b divu stundu sesij\u0101 ierakst\u012btais Elpo, b\u0113rns! melnraksts jeb pirm\u0101 versija (ieraksts, kas visdr\u012bz\u0101k pretend\u0113 uz v\u0113sturiskas noz\u012bm\u012bbas statusu), k\u0101 ar\u012b m\u016bzi\u0137a Kristapa Cukura divu dziesmu remiks\u0113tas versijas mp3 form\u0101t\u0101.<\/p>\n","protected":false},"excerpt":{"rendered":"<p><strong>Izpild\u012bt\u0101js<\/strong>\u00a0<a href=\"http:\/\/lauska.lv\/veikals\/daksis-imants\/\">Imants Daksis<\/a><\/p>\n<p><strong>\u017danri <\/strong><a href=\"http:\/\/lauska.lv\/veikals\/dziesminieki-autormuzika\/\">Dziesminieki \/ Autorm\u016bzika<\/a><\/p>\n","protected":false},"featured_media":1367,"template":"","meta":{"jetpack_post_was_ever_published":false,"jetpack_publicize_message":"","jetpack_is_tweetstorm":false,"jetpack_publicize_feature_enabled":true,"jetpack_social_post_already_shared":true,"jetpack_social_options":{"image_generator_settings":{"template":"highway","enabled":false}}},"product_cat":[133,49,101,249],"product_tag":[37],"jetpack_publicize_connections":[],"jetpack_sharing_enabled":true,"_links":{"self":[{"href":"https:\/\/lauska.lv\/veikals\/wp-json\/wp\/v2\/product\/1354"}],"collection":[{"href":"https:\/\/lauska.lv\/veikals\/wp-json\/wp\/v2\/product"}],"about":[{"href":"https:\/\/lauska.lv\/veikals\/wp-json\/wp\/v2\/types\/product"}],"wp:featuredmedia":[{"embeddable":true,"href":"https:\/\/lauska.lv\/veikals\/wp-json\/wp\/v2\/media\/1367"}],"wp:attachment":[{"href":"https:\/\/lauska.lv\/veikals\/wp-json\/wp\/v2\/media?parent=1354"}],"wp:term":[{"taxonomy":"product_cat","embeddable":true,"href":"https:\/\/lauska.lv\/veikals\/wp-json\/wp\/v2\/product_cat?post=1354"},{"taxonomy":"product_tag","embeddable":true,"href":"https:\/\/lauska.lv\/veikals\/wp-json\/wp\/v2\/product_tag?post=1354"}],"curies":[{"name":"wp","href":"https:\/\/api.w.org\/{rel}","templated":true}]}}