{"id":1343,"date":"2010-08-28T12:27:01","date_gmt":"2010-08-28T09:27:01","guid":{"rendered":"http:\/\/lauska.lv\/veikalsbeta\/?post_type=product&#038;p=1343"},"modified":"2018-10-04T21:09:55","modified_gmt":"2018-10-04T18:09:55","slug":"tur-man-muzam-neapnika","status":"publish","type":"product","link":"https:\/\/lauska.lv\/veikals\/Preces\/tur-man-muzam-neapnika\/","title":{"rendered":"Tur man m\u016b\u017eam neapnika"},"content":{"rendered":"<p>\u0160aj\u0101 album\u0101 apkopoti m\u016bsdien\u012bgi tautasdziesmu aran\u017e\u0113jumi par jaunie\u0161iem tuv\u0101m t\u0113m\u0101m.<\/p>\n","protected":false},"excerpt":{"rendered":"<p><strong>Izpild\u012bt\u0101js <\/strong><a href=\"http:\/\/lauska.lv\/veikals\/kokle\/\" target=\"_blank\" rel=\"noopener\">Kokle<\/a><\/p>\n<p><strong>\u017danri <\/strong><a href=\"http:\/\/lauska.lv\/veikals\/post-folks\/\" target=\"_blank\" rel=\"noopener\">Post-Folklora<\/a><\/p>\n","protected":false},"featured_media":1333,"template":"","meta":{"jetpack_post_was_ever_published":false,"jetpack_publicize_message":"","jetpack_is_tweetstorm":false,"jetpack_publicize_feature_enabled":true,"jetpack_social_post_already_shared":true,"jetpack_social_options":{"image_generator_settings":{"template":"highway","enabled":false}}},"product_cat":[101,163,252,249],"product_tag":[38],"jetpack_publicize_connections":[],"jetpack_sharing_enabled":true,"_links":{"self":[{"href":"https:\/\/lauska.lv\/veikals\/wp-json\/wp\/v2\/product\/1343"}],"collection":[{"href":"https:\/\/lauska.lv\/veikals\/wp-json\/wp\/v2\/product"}],"about":[{"href":"https:\/\/lauska.lv\/veikals\/wp-json\/wp\/v2\/types\/product"}],"wp:featuredmedia":[{"embeddable":true,"href":"https:\/\/lauska.lv\/veikals\/wp-json\/wp\/v2\/media\/1333"}],"wp:attachment":[{"href":"https:\/\/lauska.lv\/veikals\/wp-json\/wp\/v2\/media?parent=1343"}],"wp:term":[{"taxonomy":"product_cat","embeddable":true,"href":"https:\/\/lauska.lv\/veikals\/wp-json\/wp\/v2\/product_cat?post=1343"},{"taxonomy":"product_tag","embeddable":true,"href":"https:\/\/lauska.lv\/veikals\/wp-json\/wp\/v2\/product_tag?post=1343"}],"curies":[{"name":"wp","href":"https:\/\/api.w.org\/{rel}","templated":true}]}}