{"id":1338,"date":"2010-08-28T12:23:53","date_gmt":"2010-08-28T09:23:53","guid":{"rendered":"http:\/\/lauska.lv\/veikalsbeta\/?post_type=product&#038;p=1338"},"modified":"2018-10-04T21:08:33","modified_gmt":"2018-10-04T18:08:33","slug":"putra","status":"publish","type":"product","link":"https:\/\/lauska.lv\/veikals\/Preces\/putra\/","title":{"rendered":"Putra"},"content":{"rendered":"<p>Laiksne dzied un sp\u0113l\u0113 m\u016bsdien\u012bgi interpret\u0113tu latvie\u0161u tautas m\u016bziku. \u0160aj\u0101 album\u0101 apkopotas priec\u012bgas savies\u012bgas un galda dziesmas, kuras dzied\u0101tas talk\u0101s, ve\u010derink\u0101s, kop\u012bg\u0101s pas\u0113d\u0113\u0161an\u0101s, bet m\u016bsdien\u0101s nepeln\u012bti pieklusu\u0161as.<\/p>\n","protected":false},"excerpt":{"rendered":"<p><strong>Izpild\u012bt\u0101js<\/strong>\u00a0<a href=\"http:\/\/lauska.lv\/veikals\/laiksne\/\">Laiksne<\/a><\/p>\n<p><b>\u017danrs\u00a0<\/b><a href=\"http:\/\/lauska.lv\/veikals\/post-folks\/\">Post-folks<\/a><\/p>\n","protected":false},"featured_media":1330,"template":"","meta":{"jetpack_post_was_ever_published":false,"jetpack_publicize_message":"","jetpack_is_tweetstorm":false,"jetpack_publicize_feature_enabled":true,"jetpack_social_post_already_shared":true,"jetpack_social_options":{"image_generator_settings":{"template":"highway","enabled":false}}},"product_cat":[101,165],"product_tag":[],"jetpack_publicize_connections":[],"jetpack_sharing_enabled":true,"_links":{"self":[{"href":"https:\/\/lauska.lv\/veikals\/wp-json\/wp\/v2\/product\/1338"}],"collection":[{"href":"https:\/\/lauska.lv\/veikals\/wp-json\/wp\/v2\/product"}],"about":[{"href":"https:\/\/lauska.lv\/veikals\/wp-json\/wp\/v2\/types\/product"}],"wp:featuredmedia":[{"embeddable":true,"href":"https:\/\/lauska.lv\/veikals\/wp-json\/wp\/v2\/media\/1330"}],"wp:attachment":[{"href":"https:\/\/lauska.lv\/veikals\/wp-json\/wp\/v2\/media?parent=1338"}],"wp:term":[{"taxonomy":"product_cat","embeddable":true,"href":"https:\/\/lauska.lv\/veikals\/wp-json\/wp\/v2\/product_cat?post=1338"},{"taxonomy":"product_tag","embeddable":true,"href":"https:\/\/lauska.lv\/veikals\/wp-json\/wp\/v2\/product_tag?post=1338"}],"curies":[{"name":"wp","href":"https:\/\/api.w.org\/{rel}","templated":true}]}}