{"id":1322,"date":"2010-08-28T12:18:51","date_gmt":"2010-08-28T09:18:51","guid":{"rendered":"http:\/\/lauska.lv\/veikalsbeta\/?post_type=product&#038;p=1322"},"modified":"2018-10-04T21:06:33","modified_gmt":"2018-10-04T18:06:33","slug":"etnotranss","status":"publish","type":"product","link":"https:\/\/lauska.lv\/veikals\/Preces\/etnotranss\/","title":{"rendered":"Etnotranss"},"content":{"rendered":"<p>Sav\u0101 tre\u0161aj\u0101 album\u0101 d\u016bdu un bungu grupa Au\u013ci dodas konceptu\u0101l\u0101 inici\u0101cijas ce\u013cojum\u0101 cauri pazemei, ce\u013cojot gan laik\u0101 un telp\u0101, izejot cauri kaisl\u012bb\u0101m, bail\u0113m, sp\u0113kam un draudz\u012bbai, sastopoties ar m\u012btiskiem ce\u013cabiedriem, vair\u0101kk\u0101rt p\u0101rtopot un atgrie\u017eoties virszem\u0113 stipr\u0101ki un vied\u0101ki. Katram ska\u0146darbam rakstniece Laima Muktup\u0101vela ir pierakst\u012bjusi savu v\u012bziju, kuru var las\u012bt, klausoties m\u016bziku, t\u0101d\u0113j\u0101di veidojot asociat\u012bvu fonu.<\/p>\n","protected":false},"excerpt":{"rendered":"<p><strong>Izpild\u012bt\u0101js<\/strong> <a href=\"http:\/\/lauska.lv\/veikals\/makslinieki\/auli\/\">Au\u013ci<\/a><\/p>\n<p><strong>\u017danri\u00a0<\/strong><a href=\"http:\/\/lauska.lv\/veikals\/post-folks\/\">Post-folks<\/a><\/p>\n","protected":false},"featured_media":1327,"template":"","meta":{"jetpack_post_was_ever_published":false,"jetpack_publicize_message":"","jetpack_is_tweetstorm":false,"jetpack_publicize_feature_enabled":true,"jetpack_social_post_already_shared":true,"jetpack_social_options":{"image_generator_settings":{"template":"highway","enabled":false}}},"product_cat":[119,101,252,249],"product_tag":[38],"jetpack_publicize_connections":[],"jetpack_sharing_enabled":true,"_links":{"self":[{"href":"https:\/\/lauska.lv\/veikals\/wp-json\/wp\/v2\/product\/1322"}],"collection":[{"href":"https:\/\/lauska.lv\/veikals\/wp-json\/wp\/v2\/product"}],"about":[{"href":"https:\/\/lauska.lv\/veikals\/wp-json\/wp\/v2\/types\/product"}],"wp:featuredmedia":[{"embeddable":true,"href":"https:\/\/lauska.lv\/veikals\/wp-json\/wp\/v2\/media\/1327"}],"wp:attachment":[{"href":"https:\/\/lauska.lv\/veikals\/wp-json\/wp\/v2\/media?parent=1322"}],"wp:term":[{"taxonomy":"product_cat","embeddable":true,"href":"https:\/\/lauska.lv\/veikals\/wp-json\/wp\/v2\/product_cat?post=1322"},{"taxonomy":"product_tag","embeddable":true,"href":"https:\/\/lauska.lv\/veikals\/wp-json\/wp\/v2\/product_tag?post=1322"}],"curies":[{"name":"wp","href":"https:\/\/api.w.org\/{rel}","templated":true}]}}