{"id":1317,"date":"2011-08-28T12:15:02","date_gmt":"2011-08-28T09:15:02","guid":{"rendered":"http:\/\/lauska.lv\/veikalsbeta\/?post_type=product&#038;p=1317"},"modified":"2018-10-04T21:11:18","modified_gmt":"2018-10-04T18:11:18","slug":"ilza-rutoj-kaladoj","status":"publish","type":"product","link":"https:\/\/lauska.lv\/veikals\/Preces\/ilza-rutoj-kaladoj\/","title":{"rendered":"Il\u017ea r\u016btoj, kaladoj"},"content":{"rendered":"<p>Sav\u0101 otraj\u0101 album\u0101 folkloras kopa Il\u017ea no Ciblas dzied un sp\u0113l\u0113 Lieldienu, J\u0101\u0146u un Ziemassv\u0113tku dziesmas. Lielisks papildin\u0101jums latgalie\u0161u tautas m\u016bzikas cien\u012bt\u0101ju ierakstu kr\u0101jumiem.<\/p>\n","protected":false},"excerpt":{"rendered":"<p><strong>Izpild\u012bt\u0101js<\/strong>\u00a0<a href=\"http:\/\/lauska.lv\/veikals\/ilza\/\">Il\u017ea<\/a><\/p>\n<p><strong>Genre <\/strong><a href=\"http:\/\/lauska.lv\/veikals\/folklora\/\">Folklora<\/a><\/p>\n","protected":false},"featured_media":1309,"template":"","meta":{"jetpack_post_was_ever_published":false,"jetpack_publicize_message":"","jetpack_is_tweetstorm":false,"jetpack_publicize_feature_enabled":true,"jetpack_social_post_already_shared":true,"jetpack_social_options":{"image_generator_settings":{"template":"highway","enabled":false}}},"product_cat":[250,151,101,249],"product_tag":[39],"jetpack_publicize_connections":[],"jetpack_sharing_enabled":true,"_links":{"self":[{"href":"https:\/\/lauska.lv\/veikals\/wp-json\/wp\/v2\/product\/1317"}],"collection":[{"href":"https:\/\/lauska.lv\/veikals\/wp-json\/wp\/v2\/product"}],"about":[{"href":"https:\/\/lauska.lv\/veikals\/wp-json\/wp\/v2\/types\/product"}],"wp:featuredmedia":[{"embeddable":true,"href":"https:\/\/lauska.lv\/veikals\/wp-json\/wp\/v2\/media\/1309"}],"wp:attachment":[{"href":"https:\/\/lauska.lv\/veikals\/wp-json\/wp\/v2\/media?parent=1317"}],"wp:term":[{"taxonomy":"product_cat","embeddable":true,"href":"https:\/\/lauska.lv\/veikals\/wp-json\/wp\/v2\/product_cat?post=1317"},{"taxonomy":"product_tag","embeddable":true,"href":"https:\/\/lauska.lv\/veikals\/wp-json\/wp\/v2\/product_tag?post=1317"}],"curies":[{"name":"wp","href":"https:\/\/api.w.org\/{rel}","templated":true}]}}