{"id":1303,"date":"2011-12-28T12:05:03","date_gmt":"2011-12-28T10:05:03","guid":{"rendered":"http:\/\/lauska.lv\/veikalsbeta\/?post_type=product&#038;p=1303"},"modified":"2024-01-29T18:47:32","modified_gmt":"2024-01-29T16:47:32","slug":"sviests-iv","status":"publish","type":"product","link":"https:\/\/lauska.lv\/veikals\/Preces\/sviests-iv\/","title":{"rendered":"SVIESTS IV"},"content":{"rendered":"<p>Ceturt\u0101 m\u016bsdienu tautas m\u016bzikas izlase SVIESTS apliecina to, ka \u0161is m\u016bzikas virziens zarojas un kuplo. Turpina darboties grupas ar ilgu gadu pieredzi, bet turpat blakus rodas jaunas muzik\u0101las apvien\u012bbas un projekti.<\/p>\n","protected":false},"excerpt":{"rendered":"<p><strong>Izpild\u012bt\u0101js<\/strong>\u00a0Da\u017e\u0101di izpild\u012bt\u0101ji<\/p>\n<p><strong>\u017danri<\/strong>\u00a0<a href=\"http:\/\/lauska.lv\/veikals\/post-folks\/\">Post-folks<\/a><\/p>\n","protected":false},"featured_media":1312,"template":"","meta":{"jetpack_post_was_ever_published":false,"jetpack_publicize_message":"","jetpack_is_tweetstorm":false,"jetpack_publicize_feature_enabled":true,"jetpack_social_post_already_shared":true,"jetpack_social_options":{"image_generator_settings":{"template":"highway","enabled":false}}},"product_cat":[129,134,112,141,145,148,150,151,155,101,164,165,167,177,190,252,201,204,215,737,221,226,227,229,237,240,243,249],"product_tag":[39],"jetpack_publicize_connections":[],"jetpack_sharing_enabled":true,"_links":{"self":[{"href":"https:\/\/lauska.lv\/veikals\/wp-json\/wp\/v2\/product\/1303"}],"collection":[{"href":"https:\/\/lauska.lv\/veikals\/wp-json\/wp\/v2\/product"}],"about":[{"href":"https:\/\/lauska.lv\/veikals\/wp-json\/wp\/v2\/types\/product"}],"wp:featuredmedia":[{"embeddable":true,"href":"https:\/\/lauska.lv\/veikals\/wp-json\/wp\/v2\/media\/1312"}],"wp:attachment":[{"href":"https:\/\/lauska.lv\/veikals\/wp-json\/wp\/v2\/media?parent=1303"}],"wp:term":[{"taxonomy":"product_cat","embeddable":true,"href":"https:\/\/lauska.lv\/veikals\/wp-json\/wp\/v2\/product_cat?post=1303"},{"taxonomy":"product_tag","embeddable":true,"href":"https:\/\/lauska.lv\/veikals\/wp-json\/wp\/v2\/product_tag?post=1303"}],"curies":[{"name":"wp","href":"https:\/\/api.w.org\/{rel}","templated":true}]}}