{"id":13014,"date":"2020-01-16T22:51:27","date_gmt":"2020-01-16T20:51:27","guid":{"rendered":"http:\/\/lauska.lv\/veikals\/?post_type=product&#038;p=13014"},"modified":"2025-09-22T14:55:48","modified_gmt":"2025-09-22T11:55:48","slug":"tautumeitas-skanuplate","status":"publish","type":"product","link":"https:\/\/lauska.lv\/veikals\/Preces\/tautumeitas-skanuplate\/","title":{"rendered":"tautumeitas &#8211; ska\u0146uplate"},"content":{"rendered":"<p><img fetchpriority=\"high\" decoding=\"async\" class=\"alignnone size-medium wp-image-13019\" src=\"http:\/\/lauska.lv\/veikals\/wp-content\/uploads\/sites\/6\/2020\/01\/Tautumeitas-Tautomeitas_Mugshot_Vinyl_small-300x205.jpg\" alt=\"\" width=\"300\" height=\"205\" srcset=\"https:\/\/lauska.lv\/veikals\/wp-content\/uploads\/sites\/6\/2020\/01\/Tautumeitas-Tautomeitas_Mugshot_Vinyl_small-300x205.jpg 300w, https:\/\/lauska.lv\/veikals\/wp-content\/uploads\/sites\/6\/2020\/01\/Tautumeitas-Tautomeitas_Mugshot_Vinyl_small-416x285.jpg 416w, https:\/\/lauska.lv\/veikals\/wp-content\/uploads\/sites\/6\/2020\/01\/Tautumeitas-Tautomeitas_Mugshot_Vinyl_small-768x526.jpg 768w, https:\/\/lauska.lv\/veikals\/wp-content\/uploads\/sites\/6\/2020\/01\/Tautumeitas-Tautomeitas_Mugshot_Vinyl_small.jpg 850w\" sizes=\"(max-width: 300px) 100vw, 300px\" \/><\/p>\n<p>Tautumeitas s\u0101ka ar tradicion\u0101l\u0101s m\u016bzikas dzied\u0101\u0161anu, m\u0113\u0123inot pietuvoties un atdarin\u0101t teic\u0113jas. Ta\u010du jo tuv\u0101k g\u0101j\u0101m dziesm\u0101m, jo tuv\u0101k dziesmas n\u0101ca mums, l\u012bdz kam\u0113r \u0161\u0137ita dabiski t\u0101s apvienot ar visu p\u0101r\u0113jo, ko \u0161aj\u0101 pasaul\u0113 esam dzird\u0113ju\u0161as un sajutu\u0161as k\u0101 savu. Tagad tautasdziesmas izsp\u0113l\u0113jam, izmantojot savas balsis un tembr\u0101li piesaisto\u0161us instrumentus, skan\u0113jum\u0101 ietverot ar\u012b savus uzskatus par laiku, telpu un tautumeitas izj\u016bt\u0101m tajos.<\/p>\n","protected":false},"excerpt":{"rendered":"<p><strong>IZPILD\u012aT\u0100JS\u00a0<\/strong><a href=\"http:\/\/lauska.lv\/veikals\/makslinieki\/tautumeitas\/\">Tautumeitas<\/a><\/p>\n<p><strong>\u017dANRS\u00a0<\/strong><a href=\"http:\/\/lauska.lv\/veikals\/post-folks\/\">Postfolks<\/a><\/p>\n","protected":false},"featured_media":13015,"template":"","meta":{"jetpack_post_was_ever_published":false,"jetpack_publicize_message":"","jetpack_is_tweetstorm":false,"jetpack_publicize_feature_enabled":true,"jetpack_social_post_already_shared":true,"jetpack_social_options":{"image_generator_settings":{"template":"highway","enabled":false}}},"product_cat":[15,224],"product_tag":[712],"jetpack_publicize_connections":[],"jetpack_sharing_enabled":true,"_links":{"self":[{"href":"https:\/\/lauska.lv\/veikals\/wp-json\/wp\/v2\/product\/13014"}],"collection":[{"href":"https:\/\/lauska.lv\/veikals\/wp-json\/wp\/v2\/product"}],"about":[{"href":"https:\/\/lauska.lv\/veikals\/wp-json\/wp\/v2\/types\/product"}],"wp:featuredmedia":[{"embeddable":true,"href":"https:\/\/lauska.lv\/veikals\/wp-json\/wp\/v2\/media\/13015"}],"wp:attachment":[{"href":"https:\/\/lauska.lv\/veikals\/wp-json\/wp\/v2\/media?parent=13014"}],"wp:term":[{"taxonomy":"product_cat","embeddable":true,"href":"https:\/\/lauska.lv\/veikals\/wp-json\/wp\/v2\/product_cat?post=13014"},{"taxonomy":"product_tag","embeddable":true,"href":"https:\/\/lauska.lv\/veikals\/wp-json\/wp\/v2\/product_tag?post=13014"}],"curies":[{"name":"wp","href":"https:\/\/api.w.org\/{rel}","templated":true}]}}