{"id":13012,"date":"2020-01-16T22:22:00","date_gmt":"2020-01-16T20:22:00","guid":{"rendered":"http:\/\/lauska.lv\/veikals\/products\/dziesmas-no-aulejas-cd\/"},"modified":"2020-01-16T22:55:36","modified_gmt":"2020-01-16T20:55:36","slug":"dziesmas-no-aulejas-cd","status":"publish","type":"product","link":"https:\/\/lauska.lv\/veikals\/products\/dziesmas-no-aulejas-cd\/?lang=en","title":{"rendered":"Songs from Auleja &#8211; CD"},"content":{"rendered":"<p>Auleja is a small but beautiful village in Latvia\u2019s eastern region of Latgale where a rich heritage of folklore has been preserved. It is precisely the traditional vocal music of this area, characterised by smooth, graceful melodies and a specific style of multipart singing, that has earned particular recognition. The longevity of Auleja\u2019s traditional music is linked to the work of the Aulejas Sievas (\u2018women from Auleja\u2019) ethnographic ensemble, which is one of the oldest such ensembles in Latvia. Also of importance is the fact that the ensemble was founded by several strong, vivid personalities who were also talented singers; recordings of them provide a noteworthy example of traditional singing.<br \/>\nAfter a careful study of the recordings of these singers, the modern-day Tautumeitas (\u2018folk maidens\u2019) group has adopted the traditional singing style of Auleja. The group\u2019s understanding of this style has also been formed by the conclusions drawn by Tautumeitas initiator Asnate Ranc\u0101ne during the preparation of her bachelor work \u201cAulejas laika bolsu stilistika\u201d (Stylistics of Seasonal Bolsi from Auleja). This knowledge is reflected on the album Songs from Auleja. The professional interest of the members of the Tautumeitas group revolves around the study, learning and dissemination of Latvian vocal traditions to a wider audience. The group consists of six members, four of<br \/>\nwhom have studied ethnomusicology at the J\u0101zeps V\u012btols Latvian Academy of Music. Asnate Ranc\u0101ne graduated from the academy\u2019s department of ethnomusicology in 2016 with the bachelor\u2019s thesis \u201cStylistics of Seasonal Bolsi from Auleja\u201d. As a part of her research, she conducted field work and interviews with traditional singers and other researchers of Latvian music; documented the work of the Aulejas Sievas ethnographic ensemble; collected, organised and prepared documentation of audio, video and photo materials; selected music recordings; transcribed songs; and analysed the theoretical and performance aspects of music from Auleja. Her conclusions confirmed that the local style of singing seasonal songs is unique and differs from similar traditions in Latgale and elsewhere in Latvia. As a part of the requirements for her bachelor\u2019s degree, Ranc\u0101ne organised a concert dedicated to the songs and singers of Auleja. In a way, this concert also marked the beginning of the Tautumeitas group. The main purpose of the concert was to present the results of Ranc\u0101ne\u2019s research to a broader audience in a practical rather than theoretical manner, with the songs sung by Ranc\u0101ne herself and a small group of other young women. She also told the audience about some of the more exciting stories and findings from her research. The women prepared for the concert for a whole year, analysing existing recordings and experimenting with their voices to reconstruct and master the traditional Auleja vocal repertoire, purposefully avoiding various stereotypes regarding traditional singing that have accumulated in the traditional music sphere and thus arriving at new insights. The group eventually decided to record these songs in a studio, and such an opportunity arose thanks to Iveta Medene, the creator and director of the \u201cLaika rata riti\u201d (\u2018rites of the wheel of time\u2019) radio programme, who invited Tautumeitas to record the Auleja songs in the Latvijas Radio studio with M\u0101ris L\u0101cis as the sound engineer. These initial recordings were supplemented by a later collaboration with T\u0101lis Timrots and released on the CD Dziesmas no Aulejas (Songs from Auleja). This album is a tribute to Auleja, to its three generations of singers and their families, and to all those involved in this research.<\/p>\n","protected":false},"excerpt":{"rendered":"<p><strong>ARTIST <\/strong><a href=\"http:\/\/lauska.lv\/veikals\/makslinieki\/tautumeitas\/\">Tautumeitas<\/a><\/p>\n<p><strong>GENRE <\/strong><a href=\"http:\/\/lauska.lv\/veikals\/folklora\/\">Folklore<\/a><\/p>\n","protected":false},"featured_media":12999,"template":"","meta":{"jetpack_post_was_ever_published":false,"jetpack_publicize_message":"","jetpack_is_tweetstorm":false,"jetpack_publicize_feature_enabled":true,"jetpack_social_post_already_shared":true,"jetpack_social_options":{"image_generator_settings":{"template":"highway","enabled":false}}},"product_cat":[254,458],"product_tag":[713],"jetpack_publicize_connections":[],"jetpack_sharing_enabled":true,"_links":{"self":[{"href":"https:\/\/lauska.lv\/veikals\/wp-json\/wp\/v2\/product\/13012"}],"collection":[{"href":"https:\/\/lauska.lv\/veikals\/wp-json\/wp\/v2\/product"}],"about":[{"href":"https:\/\/lauska.lv\/veikals\/wp-json\/wp\/v2\/types\/product"}],"wp:featuredmedia":[{"embeddable":true,"href":"https:\/\/lauska.lv\/veikals\/wp-json\/wp\/v2\/media\/12999"}],"wp:attachment":[{"href":"https:\/\/lauska.lv\/veikals\/wp-json\/wp\/v2\/media?parent=13012"}],"wp:term":[{"taxonomy":"product_cat","embeddable":true,"href":"https:\/\/lauska.lv\/veikals\/wp-json\/wp\/v2\/product_cat?post=13012"},{"taxonomy":"product_tag","embeddable":true,"href":"https:\/\/lauska.lv\/veikals\/wp-json\/wp\/v2\/product_tag?post=13012"}],"curies":[{"name":"wp","href":"https:\/\/api.w.org\/{rel}","templated":true}]}}